{"id":552,"date":"2023-06-09T11:57:01","date_gmt":"2023-06-09T11:57:01","guid":{"rendered":"https:\/\/orpp.or.ke\/?page_id=552"},"modified":"2023-09-29T09:28:10","modified_gmt":"2023-09-29T09:28:10","slug":"mergers-coalitions-coalition-political-parties","status":"publish","type":"page","link":"https:\/\/orpp.or.ke\/fr\/mergers-coalitions-coalition-political-parties\/","title":{"rendered":"Fusions, coalitions et partis politiques de coalition"},"content":{"rendered":"<div data-elementor-type=\"wp-page\" data-elementor-id=\"552\" class=\"elementor elementor-552\">\n\t\t\t\t\t\t<section data-particle_enable=\"false\" data-particle-mobile-disabled=\"false\" class=\"elementor-section elementor-top-section elementor-element elementor-element-6426b6d7 elementor-section-height-min-height elementor-section-boxed elementor-section-height-default elementor-section-items-middle\" data-id=\"6426b6d7\" data-element_type=\"section\" data-settings=\"{&quot;background_background&quot;:&quot;classic&quot;}\">\n\t\t\t\t\t\t<div class=\"elementor-container elementor-column-gap-default\">\n\t\t\t\t\t<div class=\"elementor-column elementor-col-100 elementor-top-column elementor-element elementor-element-6b0a6519\" data-id=\"6b0a6519\" data-element_type=\"column\">\n\t\t\t<div class=\"elementor-widget-wrap elementor-element-populated\">\n\t\t\t\t\t\t<div class=\"elementor-element elementor-element-7be71531 elementor-widget elementor-widget-heading\" data-id=\"7be71531\" data-element_type=\"widget\" data-widget_type=\"heading.default\">\n\t\t\t\t<div class=\"elementor-widget-container\">\n\t\t\t\t\t<h3 class=\"elementor-heading-title elementor-size-default\">Mergers, Coalitions & Coalition Political Parties\n<\/h3>\t\t\t\t<\/div>\n\t\t\t\t<\/div>\n\t\t\t\t<div class=\"elementor-element elementor-element-b9cf8fe elementor-widget elementor-widget-text-editor\" data-id=\"b9cf8fe\" data-element_type=\"widget\" data-widget_type=\"text-editor.default\">\n\t\t\t\t<div class=\"elementor-widget-container\">\n\t\t\t\t\t\t\t\t\t<p>\t\t\t<!-- Flexy Breadcrumb -->\r\n\t\t\t<div class=\"fbc fbc-page\">\r\n\r\n\t\t\t\t<!-- Breadcrumb wrapper -->\r\n\t\t\t\t<div class=\"fbc-wrap\">\r\n\r\n\t\t\t\t\t<!-- Ordered list-->\r\n\t\t\t\t\t<ol class=\"fbc-items\" itemscope itemtype=\"https:\/\/schema.org\/BreadcrumbList\">\r\n\t\t\t\t\t\t            <li itemprop=\"itemListElement\" itemscope itemtype=\"https:\/\/schema.org\/ListItem\">\r\n                <span itemprop=\"name\">\r\n                    <!-- Home Link -->\r\n                    <a itemprop=\"item\" href=\"https:\/\/orpp.or.ke\/fr\/\">\r\n                    \r\n                                                    <i class=\"fa fa-home\" aria-hidden=\"true\"><\/i>Maison                    <\/a>\r\n                <\/span>\r\n                <meta itemprop=\"position\" content=\"1\" \/><!-- Meta Position-->\r\n             <\/li><li><span class=\"fbc-separator\">\/<\/span><\/li><li class=\"active\" itemprop=\"itemListElement\" itemscope itemtype=\"https:\/\/schema.org\/ListItem\"><span itemprop=\"name\" title=\"News\">News<\/span><meta itemprop=\"position\" content=\"2\" \/><\/li>\t\t\t\t\t<\/ol>\r\n\t\t\t\t\t<div class=\"clearfix\"><\/div>\r\n\t\t\t\t<\/div>\r\n\t\t\t<\/div>\r\n\t\t\t<\/p>\t\t\t\t\t\t\t\t<\/div>\n\t\t\t\t<\/div>\n\t\t\t\t\t<\/div>\n\t\t<\/div>\n\t\t\t\t\t<\/div>\n\t\t<\/section>\n\t\t\t\t<section data-particle_enable=\"false\" data-particle-mobile-disabled=\"false\" class=\"elementor-section elementor-top-section elementor-element elementor-element-6c92565 elementor-section-boxed elementor-section-height-default elementor-section-height-default\" data-id=\"6c92565\" data-element_type=\"section\">\n\t\t\t\t\t\t<div class=\"elementor-container elementor-column-gap-default\">\n\t\t\t\t\t<div class=\"elementor-column elementor-col-100 elementor-top-column elementor-element elementor-element-5588267\" data-id=\"5588267\" data-element_type=\"column\">\n\t\t\t<div class=\"elementor-widget-wrap elementor-element-populated\">\n\t\t\t\t\t\t<div class=\"elementor-element elementor-element-73abf5c elementor-widget elementor-widget-text-editor\" data-id=\"73abf5c\" data-element_type=\"widget\" data-widget_type=\"text-editor.default\">\n\t\t\t\t<div class=\"elementor-widget-container\">\n\t\t\t\t\t\t\t\t\t<ul style=\"color: #000;\" class=\"scroll-links\">\n \t<li><a href=\"#mergers\">Fusions<\/a><\/li>\n \t<li><a href=\"\">Coalitions<\/a><\/li>\n \t<li><a href=\"\">Partis politiques de coalition<\/a><\/li>\n \t<li><a href=\"\">Pr\u00e9 et post-\u00e9lection<\/a><\/li>\n \t<li><a href=\"\">partis politiques de coalition et leurs partis constitutifs<\/a><\/li>\n \t<li><a href=\"\">Documents connexes<\/a><\/li>\n<\/ul>\n<h3 id=\"mergers\">Qu'est-ce qu'une fusion ?<\/h3>\n<p style=\"color: #000;\">Une fusion est la combinaison de deux ou plusieurs partis politiques en un seul parti (nouveau ou existant)<\/p>\n\n<h4>Comment fusionnent les partis ?<\/h4>\n<ul style=\"color: #000;\">\n \t<li>Le parti politique suit sa constitution et ses proc\u00e9dures et prend la d\u00e9cision de fusionner.<\/li>\n \t<li>Le trait\u00e9 de fusion est alors sign\u00e9 et d\u00e9pos\u00e9 aupr\u00e8s du Conservateur dans les vingt et un jours de sa signature.<\/li>\n \t<li>Le Greffier retire et annule les certificats d'enregistrement des partis politiques qui ont fusionn\u00e9 et publie la dissolution des partis fusionn\u00e9s dans les sept jours.<\/li>\n \t<li>Un certificat d'enregistrement complet est alors d\u00e9livr\u00e9 si un nouveau parti politique est form\u00e9.<\/li>\n<\/ul>\n<h4>Quels sont les effets des fusions sur\u00a0:<\/h4>\n<h5>Adh\u00e9sion<\/h5>\n<ul style=\"color: #000;\">\n \t<li>Un membre du parti politique qui a fusionn\u00e9 avec un autre deviendra membre du nouveau parti politique.<\/li>\n \t<li>Un membre qui est pr\u00e9sident, vice-pr\u00e9sident, gouverneur ou sous-gouverneur, d\u00e9put\u00e9 ou membre d'une assembl\u00e9e de comt\u00e9 et qui ne souhaite pas \u00eatre membre du nouveau parti politique apr\u00e8s la fusion continuera d'occuper ce poste \u00e9lectif pendant le reste du mandat, et peut adh\u00e9rer \u00e0 un autre parti politique ou choisir d'\u00eatre un membre ind\u00e9pendant dans les trente jours suivant l'enregistrement du nouveau parti.<\/li>\n<\/ul>\n<h5>D\u00e9tails de la f\u00eate<\/h5>\n<ul style=\"color: #000;\">\n \t<li>Les d\u00e9tails, y compris les noms, symboles, logos, slogans et couleurs des partis, sont supprim\u00e9s du registre des partis politiques et ces noms, symboles, logos, slogans et couleurs ne peuvent \u00eatre enregistr\u00e9s par quiconque en tant que parti politique dans les ann\u00e9es suivantes. \u00e9lections cons\u00e9cutives \u00e0 la fusion.<\/li>\n \t<li>Les registres, actifs et passifs, droits et obligations de tous les partis politiques dissous seront les registres, actifs et passifs, droits et obligations du nouveau parti politique, y compris leur droit au Fonds des partis politiques.<\/li>\n<\/ul>\n<h3>Qu'est-ce qu'une coalition<\/h3>\n<p style=\"color: #000;\">Une coalition d\u00e9signe une alliance de deux ou plusieurs partis politiques form\u00e9s dans le but de poursuivre un objectif commun. Il existe des coalitions pr\u00e9\u00e9lectorales et post\u00e9lectorales.<\/p>\n\n<h4>Quel est le processus d'entr\u00e9e dans une coalition\u00a0?<\/h4>\n<p style=\"color: #000;\">Le parti politique suit sa constitution et ses proc\u00e9dures et prend la d\u00e9cision de former une coalition. L'accord de coalition est alors sign\u00e9 et d\u00e9pos\u00e9 aupr\u00e8s du registraire. L'accord de coalition doit contenir des d\u00e9tails sur\u00a0:<\/p>\n\n<ul style=\"color: #000;\">\n \t<li>les partis membres de la coalition ;<\/li>\n \t<li>les politiques et les objectifs de la coalition\u00a0;<\/li>\n \t<li>la structure de la coalition;<\/li>\n \t<li>les r\u00e8gles d'\u00e9lection et de nomination de la coalition;<\/li>\n \t<li>les m\u00e9canismes et proc\u00e9dures de r\u00e8glement des diff\u00e9rends;<\/li>\n \t<li>la formule et les m\u00e9canismes de partage des fonds du Fonds des partis politiques au membre respectif de la coalition\u00a0;<\/li>\n \t<li>les motifs de dissolution et les proc\u00e9dures \u00e0 suivre entre autres.<\/li>\n<\/ul>\n<h4>Quels sont les effets d'une coalition sur les partis individuels\u00a0?<\/h4>\n<ul style=\"color: #000;\">\n \t<li>Chaque parti de la coalition est toujours reconnu comme une personne morale et a une existence l\u00e9gale ind\u00e9pendante<\/li>\n \t<li>N'a pas besoin d'enregistrer un nom, un slogan ou un symbole de coalition, mais peut utiliser un tel autre nom, slogan ou symbole pour populariser la coalition<\/li>\n \t<li>Aucun candidat n'est nomin\u00e9 sur un ticket de coalition<\/li>\n<\/ul>\n<h3>Qu'est-ce qu'un parti politique de coalition ?\n<\/h3>\n<p style=\"color:#000;\">Deux ou plusieurs partis politiques peuvent former un parti politique de coalition avant ou apr\u00e8s une \u00e9lection. Un parti politique de coalition est une coalition enregistr\u00e9e en tant que parti politique qui est exempt\u00e9e des articles 5 et 6 de la loi de 2011 sur les partis politiques (PPA).\n<\/p>\n<p style=\"color:#000;\">Cela comprend les exigences de la publication de l'avis d'intention d'enregistrement provisoire dans la Gazette et dans deux journaux \u00e0 diffusion nationale aux fins d'inviter des objections\n<\/p>\n<p style=\"color:#000;\">Ceci est conforme \u00e0 l'amendement de l'article 7 du n\u00b0 11 de 2011 (article (76) de la LPP).\n<\/p>\n<h4>Processus d'enregistrement d'un parti politique de coalition\n<\/h4>\n<ol style=\"color:#000;\">\n\t<li>En plus des exigences d'enregistrement complet de la section 7 du n\u00b0 11 de la PPA, 2011\u00a0:\n\t\t<ul>\n\t\t\t<li>Un parti politique de coalition doit fournir l'adresse du site Internet officiel du parti politique ;<\/li>\n\t\t\t<li>Un parti politique de coalition n'est pas tenu de se conformer aux dispositions des articles 5 et 6 de la LPP, 2011.<\/li>\n\t\t\t<li>La gouvernance du parti politique de la coalition doit \u00eatre conforme aux dispositions de la loi relative \u00e0 la gouvernance d'une coalition et aux r\u00e8glements pris \u00e0 cet \u00e9gard.<\/li>\n\t\t\t<li>Un membre d'une coalition ne peut pas \u00eatre membre d'une autre coalition.<\/li>\n\t\t<\/ul>\n\t<\/li>\n\t<li>Sur pr\u00e9sentation d'un accord de coalition et sous r\u00e9serve de remplir d'autres exigences en vertu de la LPP, le greffier d\u00e9livre au parti politique de coalition un certificat d'enregistrement complet<\/li>\n\t<li>Conform\u00e9ment \u00e0 l'article 10(2) de la LPP, un accord de coalition pour l'enregistrement d'un parti politique de coalition doit \u00eatre soumis \u00e0 l'ORPP au moins 120 jours avant une \u00e9lection g\u00e9n\u00e9rale.<\/li>\n<\/ol>\n<p style=\"color:#000;\">Les exigences de base d'un accord de coalition sont fournies en vertu de la loi de 2011 sur la troisi\u00e8me annexe aux partis politiques\u00a0; ils comprennent les partis du parti politique de la coalition, la structure organisationnelle globale et g\u00e9n\u00e9rale, les r\u00e8gles de nomination, y compris les postes \u00e9lectoraux et les zones \u00e9lectorales o\u00f9 un parti politique de la coalition a l'intention de d\u00e9poser des candidats, le partage des fonds et le r\u00e8glement des diff\u00e9rends (voir la troisi\u00e8me annexe).\n\n<\/p>\n<h4>Droits et privil\u00e8ges d'un parti politique de coalition<\/h4>\n<ul style=\"color:#000;\">\n\t<li>Un parti politique de coalition, \u00e9tant un parti politique, est qualifi\u00e9 pour participer aux six \u00e9lections et \u00e0 toutes les circonscriptions \u00e9lectorales.<\/li>\n\t<li>Les membres inscrits des partis politiques d'un parti politique de coalition soumis aux r\u00e8gles de nomination dans l'accord de coalition sont les seuls \u00e9ligibles \u00e0 participer \u00e0 la nomination des candidats d'un parti politique de coalition.\n<\/li>\n<li>L'accord de coalition tel qu'il est lu avec les r\u00e8gles de nomination d\u00e9termine l'\u00e9laboration des listes de partis pour l'attribution de si\u00e8ges sp\u00e9ciaux.\n<\/li>\n<li>L'accord de coalition tel qu'il est lu avec les r\u00e8gles de nomination d\u00e9termine les si\u00e8ges \u00e9lectifs et les zones \u00e9lectorales dans lesquels le parti politique de coalition pr\u00e9sentera des candidats\n<\/li>\n<li>La gouvernance d'un parti politique de coalition doit \u00eatre conforme aux dispositions de la loi relative \u00e0 la gouvernance d'une coalition et aux r\u00e8glements pris \u00e0 cet \u00e9gard.\n<\/li>\n<li>Un membre d'une coalition ne peut pas \u00eatre membre d'une autre coalition.\n<\/li>\n<\/ul>\t\t\t\t\t\t\t\t<\/div>\n\t\t\t\t<\/div>\n\t\t\t\t<div class=\"elementor-element elementor-element-2a9c895 elementor-widget elementor-widget-heading\" data-id=\"2a9c895\" data-element_type=\"widget\" data-widget_type=\"heading.default\">\n\t\t\t\t<div class=\"elementor-widget-container\">\n\t\t\t\t\t<h5 class=\"elementor-heading-title elementor-size-default\">Documents connexes<\/h5>\t\t\t\t<\/div>\n\t\t\t\t<\/div>\n\t\t\t\t<div class=\"elementor-element elementor-element-2cf492e elementor-widget elementor-widget-text-editor\" data-id=\"2cf492e\" data-element_type=\"widget\" data-widget_type=\"text-editor.default\">\n\t\t\t\t<div class=\"elementor-widget-container\">\n\t\t\t\t\t\t\t\t\t<ul class=\"related-docs-wrap\">\n<li><a href=\"https:\/\/orpp.or.ke\/fr\/document\/pdfcoalition-political-party-checklist\/\" target=\"_blank\">Liste de contr\u00f4le des partis politiques de la coalition<\/a><\/li>\n\n<li><a href=\"https:\/\/orpp.or.ke\/fr\/document\/pre-and-post-election-coalition-checklist\/\" target=\"_blank\">Liste de contr\u00f4le de la coalition pr\u00e9 et post-\u00e9lectorale<\/a><\/li>\n<li><a href=\"https:\/\/orpp.or.ke\/fr\/document\/political-parties-merger-checklist\/\" target=\"_blank\">Liste de v\u00e9rification des fusions de partis politiques<\/a><\/li>\n<li><a href=\"https:\/\/orpp.or.ke\/fr\/document\/highlights-of-the-political-parties-amendment-act-2022\/\" target=\"_blank\">Points saillants de la loi de 2022 sur les partis politiques (modification)<\/a><\/li>\n\n<li><a href=\"https:\/\/orpp.or.ke\/fr\/document\/salient-legal-timelines\/\" target=\"_blank\">Principaux d\u00e9lais juridiques<\/a><\/li>\n<\/ul>\t\t\t\t\t\t\t\t<\/div>\n\t\t\t\t<\/div>\n\t\t\t\t\t<\/div>\n\t\t<\/div>\n\t\t\t\t\t<\/div>\n\t\t<\/section>\n\t\t\t\t<\/div>","protected":false},"excerpt":{"rendered":"<p>Mergers, Coalitions &amp; Coalition Political Parties Mergers Coalitions Coalition Political Parties Pre and Post-election coalition political parties and their constituent parties Related Documents What is a merger? A merger is the combination of two or more political parties into a single party (new or existing) How do parties merge? The political party follows its constitution [&hellip;]<\/p>","protected":false},"author":2,"featured_media":0,"parent":0,"menu_order":0,"comment_status":"closed","ping_status":"closed","template":"","meta":{"_acf_changed":false,"content-type":"","_relevanssi_hide_post":"","_relevanssi_hide_content":"","_relevanssi_pin_for_all":"","_relevanssi_pin_keywords":"","_relevanssi_unpin_keywords":"","_relevanssi_related_keywords":"","_relevanssi_related_include_ids":"","_relevanssi_related_exclude_ids":"","_relevanssi_related_no_append":"","_relevanssi_related_not_related":"","_relevanssi_related_posts":"","_relevanssi_noindex_reason":"","inline_featured_image":false,"_uf_show_specific_survey":0,"_uf_disable_surveys":false,"site-sidebar-layout":"no-sidebar","site-content-layout":"page-builder","ast-site-content-layout":"","site-content-style":"default","site-sidebar-style":"default","ast-global-header-display":"","ast-banner-title-visibility":"","ast-main-header-display":"","ast-hfb-above-header-display":"","ast-hfb-below-header-display":"","ast-hfb-mobile-header-display":"","site-post-title":"disabled","ast-breadcrumbs-content":"","ast-featured-img":"disabled","footer-sml-layout":"","theme-transparent-header-meta":"","adv-header-id-meta":"","stick-header-meta":"","header-above-stick-meta":"","header-main-stick-meta":"","header-below-stick-meta":"","astra-migrate-meta-layouts":"default","ast-page-background-enabled":"default","ast-page-background-meta":{"desktop":{"background-color":"var(--ast-global-color-4)","background-image":"","background-repeat":"repeat","background-position":"center center","background-size":"auto","background-attachment":"scroll","background-type":"","background-media":"","overlay-type":"","overlay-color":"","overlay-opacity":"","overlay-gradient":""},"tablet":{"background-color":"","background-image":"","background-repeat":"repeat","background-position":"center center","background-size":"auto","background-attachment":"scroll","background-type":"","background-media":"","overlay-type":"","overlay-color":"","overlay-opacity":"","overlay-gradient":""},"mobile":{"background-color":"","background-image":"","background-repeat":"repeat","background-position":"center center","background-size":"auto","background-attachment":"scroll","background-type":"","background-media":"","overlay-type":"","overlay-color":"","overlay-opacity":"","overlay-gradient":""}},"ast-content-background-meta":{"desktop":{"background-color":"var(--ast-global-color-5)","background-image":"","background-repeat":"repeat","background-position":"center center","background-size":"auto","background-attachment":"scroll","background-type":"","background-media":"","overlay-type":"","overlay-color":"","overlay-opacity":"","overlay-gradient":""},"tablet":{"background-color":"var(--ast-global-color-5)","background-image":"","background-repeat":"repeat","background-position":"center center","background-size":"auto","background-attachment":"scroll","background-type":"","background-media":"","overlay-type":"","overlay-color":"","overlay-opacity":"","overlay-gradient":""},"mobile":{"background-color":"var(--ast-global-color-5)","background-image":"","background-repeat":"repeat","background-position":"center center","background-size":"auto","background-attachment":"scroll","background-type":"","background-media":"","overlay-type":"","overlay-color":"","overlay-opacity":"","overlay-gradient":""}},"footnotes":""},"class_list":["post-552","page","type-page","status-publish","hentry"],"acf":[],"yoast_head":"<!-- This site is optimized with the Yoast SEO plugin v25.0 - https:\/\/yoast.com\/wordpress\/plugins\/seo\/ -->\n<title>Mergers, Coalitions &amp; Coalition Political Parties_2023 - ORPP<\/title>\n<meta name=\"robots\" content=\"index, follow, max-snippet:-1, max-image-preview:large, max-video-preview:-1\" \/>\n<link rel=\"canonical\" href=\"https:\/\/orpp.or.ke\/fr\/mergers-coalitions-coalition-political-parties\/\" \/>\n<meta property=\"og:locale\" content=\"fr_FR\" \/>\n<meta property=\"og:type\" content=\"article\" \/>\n<meta property=\"og:title\" content=\"Mergers, Coalitions &amp; Coalition Political Parties_2023 - ORPP\" \/>\n<meta property=\"og:description\" content=\"Mergers, Coalitions &amp; Coalition Political Parties Mergers Coalitions Coalition Political Parties Pre and Post-election coalition political parties and their constituent parties Related Documents What is a merger? A merger is the combination of two or more political parties into a single party (new or existing) How do parties merge? The political party follows its constitution [&hellip;]\" \/>\n<meta property=\"og:url\" content=\"https:\/\/orpp.or.ke\/fr\/mergers-coalitions-coalition-political-parties\/\" \/>\n<meta property=\"og:site_name\" content=\"ORPP\" \/>\n<meta property=\"article:publisher\" content=\"https:\/\/facebook.com\/orppke\" \/>\n<meta property=\"article:modified_time\" content=\"2023-09-29T09:28:10+00:00\" \/>\n<meta name=\"twitter:card\" content=\"summary_large_image\" \/>\n<meta name=\"twitter:site\" content=\"@orppke\" \/>\n<meta name=\"twitter:label1\" content=\"Dur\u00e9e de lecture estim\u00e9e\" \/>\n\t<meta name=\"twitter:data1\" content=\"5 minutes\" \/>\n<script type=\"application\/ld+json\" class=\"yoast-schema-graph\">{\"@context\":\"https:\/\/schema.org\",\"@graph\":[{\"@type\":\"WebPage\",\"@id\":\"https:\/\/orpp.or.ke\/mergers-coalitions-coalition-political-parties\/\",\"url\":\"https:\/\/orpp.or.ke\/mergers-coalitions-coalition-political-parties\/\",\"name\":\"Mergers, Coalitions &amp; Coalition Political Parties_2023 - ORPP\",\"isPartOf\":{\"@id\":\"https:\/\/orpp.or.ke\/#website\"},\"datePublished\":\"2023-06-09T11:57:01+00:00\",\"dateModified\":\"2023-09-29T09:28:10+00:00\",\"breadcrumb\":{\"@id\":\"https:\/\/orpp.or.ke\/mergers-coalitions-coalition-political-parties\/#breadcrumb\"},\"inLanguage\":\"fr-FR\",\"potentialAction\":[{\"@type\":\"ReadAction\",\"target\":[\"https:\/\/orpp.or.ke\/mergers-coalitions-coalition-political-parties\/\"]}]},{\"@type\":\"BreadcrumbList\",\"@id\":\"https:\/\/orpp.or.ke\/mergers-coalitions-coalition-political-parties\/#breadcrumb\",\"itemListElement\":[{\"@type\":\"ListItem\",\"position\":1,\"name\":\"Home\",\"item\":\"https:\/\/orpp.or.ke\/\"},{\"@type\":\"ListItem\",\"position\":2,\"name\":\"Mergers, Coalitions &amp; Coalition Political Parties_2023\"}]},{\"@type\":\"WebSite\",\"@id\":\"https:\/\/orpp.or.ke\/#website\",\"url\":\"https:\/\/orpp.or.ke\/\",\"name\":\"Office of the Registrar of Political Parties - ORPP\",\"description\":\"Strengthening Political Parties\",\"publisher\":{\"@id\":\"https:\/\/orpp.or.ke\/#organization\"},\"alternateName\":\"ORPP\",\"potentialAction\":[{\"@type\":\"SearchAction\",\"target\":{\"@type\":\"EntryPoint\",\"urlTemplate\":\"https:\/\/orpp.or.ke\/?s={search_term_string}\"},\"query-input\":{\"@type\":\"PropertyValueSpecification\",\"valueRequired\":true,\"valueName\":\"search_term_string\"}}],\"inLanguage\":\"fr-FR\"},{\"@type\":\"Organization\",\"@id\":\"https:\/\/orpp.or.ke\/#organization\",\"name\":\"ORPP\",\"url\":\"https:\/\/orpp.or.ke\/\",\"logo\":{\"@type\":\"ImageObject\",\"inLanguage\":\"fr-FR\",\"@id\":\"https:\/\/orpp.or.ke\/#\/schema\/logo\/image\/\",\"url\":\"https:\/\/orpp.or.ke\/wp-content\/uploads\/2025\/01\/logo_orpp-png.avif\",\"contentUrl\":\"https:\/\/orpp.or.ke\/wp-content\/uploads\/2025\/01\/logo_orpp-png.avif\",\"width\":300,\"height\":123,\"caption\":\"ORPP\"},\"image\":{\"@id\":\"https:\/\/orpp.or.ke\/#\/schema\/logo\/image\/\"},\"sameAs\":[\"https:\/\/facebook.com\/orppke\",\"https:\/\/x.com\/orppke\"]}]}<\/script>\n<!-- \/ Yoast SEO plugin. -->","yoast_head_json":{"title":"Mergers, Coalitions &amp; Coalition Political Parties_2023 - ORPP","robots":{"index":"index","follow":"follow","max-snippet":"max-snippet:-1","max-image-preview":"max-image-preview:large","max-video-preview":"max-video-preview:-1"},"canonical":"https:\/\/orpp.or.ke\/fr\/mergers-coalitions-coalition-political-parties\/","og_locale":"fr_FR","og_type":"article","og_title":"Mergers, Coalitions &amp; Coalition Political Parties_2023 - ORPP","og_description":"Mergers, Coalitions &amp; Coalition Political Parties Mergers Coalitions Coalition Political Parties Pre and Post-election coalition political parties and their constituent parties Related Documents What is a merger? A merger is the combination of two or more political parties into a single party (new or existing) How do parties merge? The political party follows its constitution [&hellip;]","og_url":"https:\/\/orpp.or.ke\/fr\/mergers-coalitions-coalition-political-parties\/","og_site_name":"ORPP","article_publisher":"https:\/\/facebook.com\/orppke","article_modified_time":"2023-09-29T09:28:10+00:00","twitter_card":"summary_large_image","twitter_site":"@orppke","twitter_misc":{"Dur\u00e9e de lecture estim\u00e9e":"5 minutes"},"schema":{"@context":"https:\/\/schema.org","@graph":[{"@type":"WebPage","@id":"https:\/\/orpp.or.ke\/mergers-coalitions-coalition-political-parties\/","url":"https:\/\/orpp.or.ke\/mergers-coalitions-coalition-political-parties\/","name":"Mergers, Coalitions &amp; Coalition Political Parties_2023 - ORPP","isPartOf":{"@id":"https:\/\/orpp.or.ke\/#website"},"datePublished":"2023-06-09T11:57:01+00:00","dateModified":"2023-09-29T09:28:10+00:00","breadcrumb":{"@id":"https:\/\/orpp.or.ke\/mergers-coalitions-coalition-political-parties\/#breadcrumb"},"inLanguage":"fr-FR","potentialAction":[{"@type":"ReadAction","target":["https:\/\/orpp.or.ke\/mergers-coalitions-coalition-political-parties\/"]}]},{"@type":"BreadcrumbList","@id":"https:\/\/orpp.or.ke\/mergers-coalitions-coalition-political-parties\/#breadcrumb","itemListElement":[{"@type":"ListItem","position":1,"name":"Home","item":"https:\/\/orpp.or.ke\/"},{"@type":"ListItem","position":2,"name":"Mergers, Coalitions &amp; Coalition Political Parties_2023"}]},{"@type":"WebSite","@id":"https:\/\/orpp.or.ke\/#website","url":"https:\/\/orpp.or.ke\/","name":"Office of the Registrar of Political Parties - ORPP","description":"Strengthening Political Parties","publisher":{"@id":"https:\/\/orpp.or.ke\/#organization"},"alternateName":"ORPP","potentialAction":[{"@type":"SearchAction","target":{"@type":"EntryPoint","urlTemplate":"https:\/\/orpp.or.ke\/?s={search_term_string}"},"query-input":{"@type":"PropertyValueSpecification","valueRequired":true,"valueName":"search_term_string"}}],"inLanguage":"fr-FR"},{"@type":"Organization","@id":"https:\/\/orpp.or.ke\/#organization","name":"ORPP","url":"https:\/\/orpp.or.ke\/","logo":{"@type":"ImageObject","inLanguage":"fr-FR","@id":"https:\/\/orpp.or.ke\/#\/schema\/logo\/image\/","url":"https:\/\/orpp.or.ke\/wp-content\/uploads\/2025\/01\/logo_orpp-png.avif","contentUrl":"https:\/\/orpp.or.ke\/wp-content\/uploads\/2025\/01\/logo_orpp-png.avif","width":300,"height":123,"caption":"ORPP"},"image":{"@id":"https:\/\/orpp.or.ke\/#\/schema\/logo\/image\/"},"sameAs":["https:\/\/facebook.com\/orppke","https:\/\/x.com\/orppke"]}]}},"_links":{"self":[{"href":"https:\/\/orpp.or.ke\/fr\/wp-json\/wp\/v2\/pages\/552","targetHints":{"allow":["GET"]}}],"collection":[{"href":"https:\/\/orpp.or.ke\/fr\/wp-json\/wp\/v2\/pages"}],"about":[{"href":"https:\/\/orpp.or.ke\/fr\/wp-json\/wp\/v2\/types\/page"}],"author":[{"embeddable":true,"href":"https:\/\/orpp.or.ke\/fr\/wp-json\/wp\/v2\/users\/2"}],"replies":[{"embeddable":true,"href":"https:\/\/orpp.or.ke\/fr\/wp-json\/wp\/v2\/comments?post=552"}],"version-history":[{"count":141,"href":"https:\/\/orpp.or.ke\/fr\/wp-json\/wp\/v2\/pages\/552\/revisions"}],"predecessor-version":[{"id":4057,"href":"https:\/\/orpp.or.ke\/fr\/wp-json\/wp\/v2\/pages\/552\/revisions\/4057"}],"wp:attachment":[{"href":"https:\/\/orpp.or.ke\/fr\/wp-json\/wp\/v2\/media?parent=552"}],"curies":[{"name":"wp","href":"https:\/\/api.w.org\/{rel}","templated":true}]}}