{"id":552,"date":"2023-06-09T11:57:01","date_gmt":"2023-06-09T11:57:01","guid":{"rendered":"https:\/\/orpp.or.ke\/?page_id=552"},"modified":"2023-09-29T09:28:10","modified_gmt":"2023-09-29T09:28:10","slug":"mergers-coalitions-coalition-political-parties","status":"publish","type":"page","link":"https:\/\/orpp.or.ke\/es\/mergers-coalitions-coalition-political-parties\/","title":{"rendered":"Fusiones, coaliciones y partidos pol\u00edticos de coalici\u00f3n"},"content":{"rendered":"<div data-elementor-type=\"wp-page\" data-elementor-id=\"552\" class=\"elementor elementor-552\">\n\t\t\t\t\t\t<section data-particle_enable=\"false\" data-particle-mobile-disabled=\"false\" class=\"elementor-section elementor-top-section elementor-element elementor-element-6426b6d7 elementor-section-height-min-height elementor-section-boxed elementor-section-height-default elementor-section-items-middle\" data-id=\"6426b6d7\" data-element_type=\"section\" data-settings=\"{&quot;background_background&quot;:&quot;classic&quot;}\">\n\t\t\t\t\t\t<div class=\"elementor-container elementor-column-gap-default\">\n\t\t\t\t\t<div class=\"elementor-column elementor-col-100 elementor-top-column elementor-element elementor-element-6b0a6519\" data-id=\"6b0a6519\" data-element_type=\"column\">\n\t\t\t<div class=\"elementor-widget-wrap elementor-element-populated\">\n\t\t\t\t\t\t<div class=\"elementor-element elementor-element-7be71531 elementor-widget elementor-widget-heading\" data-id=\"7be71531\" data-element_type=\"widget\" data-widget_type=\"heading.default\">\n\t\t\t\t<div class=\"elementor-widget-container\">\n\t\t\t\t\t<h3 class=\"elementor-heading-title elementor-size-default\">Mergers, Coalitions & Coalition Political Parties\n<\/h3>\t\t\t\t<\/div>\n\t\t\t\t<\/div>\n\t\t\t\t<div class=\"elementor-element elementor-element-b9cf8fe elementor-widget elementor-widget-text-editor\" data-id=\"b9cf8fe\" data-element_type=\"widget\" data-widget_type=\"text-editor.default\">\n\t\t\t\t<div class=\"elementor-widget-container\">\n\t\t\t\t\t\t\t\t\t<p>\t\t\t<!-- Flexy Breadcrumb -->\r\n\t\t\t<div class=\"fbc fbc-page\">\r\n\r\n\t\t\t\t<!-- Breadcrumb wrapper -->\r\n\t\t\t\t<div class=\"fbc-wrap\">\r\n\r\n\t\t\t\t\t<!-- Ordered list-->\r\n\t\t\t\t\t<ol class=\"fbc-items\" itemscope itemtype=\"https:\/\/schema.org\/BreadcrumbList\">\r\n\t\t\t\t\t\t            <li itemprop=\"itemListElement\" itemscope itemtype=\"https:\/\/schema.org\/ListItem\">\r\n                <span itemprop=\"name\">\r\n                    <!-- Home Link -->\r\n                    <a itemprop=\"item\" href=\"https:\/\/orpp.or.ke\/es\/\">\r\n                    \r\n                                                    <i class=\"fa fa-home\" aria-hidden=\"true\"><\/i>Hogar                    <\/a>\r\n                <\/span>\r\n                <meta itemprop=\"position\" content=\"1\" \/><!-- Meta Position-->\r\n             <\/li><li><span class=\"fbc-separator\">\/<\/span><\/li><li class=\"active\" itemprop=\"itemListElement\" itemscope itemtype=\"https:\/\/schema.org\/ListItem\"><span itemprop=\"name\" title=\"News\">News<\/span><meta itemprop=\"position\" content=\"2\" \/><\/li>\t\t\t\t\t<\/ol>\r\n\t\t\t\t\t<div class=\"clearfix\"><\/div>\r\n\t\t\t\t<\/div>\r\n\t\t\t<\/div>\r\n\t\t\t<\/p>\t\t\t\t\t\t\t\t<\/div>\n\t\t\t\t<\/div>\n\t\t\t\t\t<\/div>\n\t\t<\/div>\n\t\t\t\t\t<\/div>\n\t\t<\/section>\n\t\t\t\t<section data-particle_enable=\"false\" data-particle-mobile-disabled=\"false\" class=\"elementor-section elementor-top-section elementor-element elementor-element-6c92565 elementor-section-boxed elementor-section-height-default elementor-section-height-default\" data-id=\"6c92565\" data-element_type=\"section\">\n\t\t\t\t\t\t<div class=\"elementor-container elementor-column-gap-default\">\n\t\t\t\t\t<div class=\"elementor-column elementor-col-100 elementor-top-column elementor-element elementor-element-5588267\" data-id=\"5588267\" data-element_type=\"column\">\n\t\t\t<div class=\"elementor-widget-wrap elementor-element-populated\">\n\t\t\t\t\t\t<div class=\"elementor-element elementor-element-73abf5c elementor-widget elementor-widget-text-editor\" data-id=\"73abf5c\" data-element_type=\"widget\" data-widget_type=\"text-editor.default\">\n\t\t\t\t<div class=\"elementor-widget-container\">\n\t\t\t\t\t\t\t\t\t<ul style=\"color: #000;\" class=\"scroll-links\">\n \t<li><a href=\"#mergers\">Mergers<\/a><\/li>\n \t<li><a href=\"\">coaliciones<\/a><\/li>\n \t<li><a href=\"\">Partidos Pol\u00edticos de Coalici\u00f3n<\/a><\/li>\n \t<li><a href=\"\">Pre y Post-electoral<\/a><\/li>\n \t<li><a href=\"\">partidos pol\u00edticos de coalici\u00f3n y sus partidos constituyentes<\/a><\/li>\n \t<li><a href=\"\">Documentos relacionados<\/a><\/li>\n<\/ul>\n<h3 id=\"mergers\">Qu\u00e9 es una fusi\u00f3n?<\/h3>\n<p style=\"color: #000;\">Una fusi\u00f3n es la combinaci\u00f3n de dos o m\u00e1s partidos pol\u00edticos en un solo partido (nuevo o existente)<\/p>\n\n<h4>C\u00f3mo se fusionan los partidos?<\/h4>\n<ul style=\"color: #000;\">\n \t<li>El partido pol\u00edtico sigue su constituci\u00f3n y procedimientos y toma la decisi\u00f3n de fusionarse.<\/li>\n \t<li>Luego, el acuerdo de fusi\u00f3n se firma y se deposita en el Registrador dentro de los veinti\u00fan d\u00edas posteriores a la firma.<\/li>\n \t<li>El Registrador retira y cancela los certificados de registro de los partidos pol\u00edticos que se han fusionado y publica la disoluci\u00f3n de los partidos fusionados dentro de los siete d\u00edas.<\/li>\n \t<li>Luego se emite un certificado de registro completo si se forma un nuevo partido pol\u00edtico.<\/li>\n<\/ul>\n<h4>\u00bfCu\u00e1les son los efectos de las fusiones en:<\/h4>\n<h5>Afiliaci\u00f3n<\/h5>\n<ul style=\"color: #000;\">\n \t<li>A member of the political party that has merged with another will become a member of the new political party.<\/li>\n \t<li>Un miembro que sea presidente, vicepresidente, gobernador o vicegobernador, miembro del parlamento o miembro de una asamblea del condado y que no quiera ser miembro del nuevo partido pol\u00edtico despu\u00e9s de la fusi\u00f3n continuar\u00e1 sirviendo en dicho cargo electo por el resto del mandato, pudiendo afiliarse a otro partido pol\u00edtico u optar por ser miembro independiente dentro de los treinta d\u00edas siguientes a la inscripci\u00f3n del nuevo partido.<\/li>\n<\/ul>\n<h5>detalles de la fiesta<\/h5>\n<ul style=\"color: #000;\">\n \t<li>Los detalles, incluidos los nombres, s\u00edmbolos, logotipos, lemas y colores de los partidos, se eliminan del registro de partidos pol\u00edticos y dichos nombres, s\u00edmbolos, logotipos, lemas y colores no est\u00e1n disponibles para el registro de ninguna persona como partido pol\u00edtico en el siguiente elecciones posteriores a la fusi\u00f3n.<\/li>\n \t<li>Los registros, activos y pasivos, derechos y obligaciones de todos los partidos pol\u00edticos disueltos ser\u00e1n los registros, activos y pasivos, derechos y obligaciones del nuevo partido pol\u00edtico incluyendo su derecho al Fondo de Partidos Pol\u00edticos.<\/li>\n<\/ul>\n<h3>Que es una coalicion<\/h3>\n<p style=\"color: #000;\">Una coalici\u00f3n significa una alianza de dos o m\u00e1s partidos pol\u00edticos formados con el prop\u00f3sito de perseguir un objetivo com\u00fan. Hay coaliciones preelectorales y postelectorales.<\/p>\n\n<h4>Cu\u00e1l es el proceso de entrar en una coalici\u00f3n?<\/h4>\n<p style=\"color: #000;\">El partido pol\u00edtico sigue su constituci\u00f3n y procedimientos y toma la decisi\u00f3n de formar una coalici\u00f3n. Luego se firma el acuerdo de coalici\u00f3n y se deposita ante el Registrador. El acuerdo de coalici\u00f3n debe contener detalles sobre:<\/p>\n\n<ul style=\"color: #000;\">\n \t<li>los partidos que son miembros de la coalici\u00f3n;<\/li>\n \t<li>las pol\u00edticas y objetivos de la coalici\u00f3n;<\/li>\n \t<li>la estructura de la coalici\u00f3n;<\/li>\n \t<li>las reglas de elecci\u00f3n y nominaci\u00f3n de la coalici\u00f3n;<\/li>\n \t<li>los mecanismos y procedimientos de soluci\u00f3n de controversias;<\/li>\n \t<li>la f\u00f3rmula y los mecanismos de distribuci\u00f3n de fondos del Fondo de Partidos Pol\u00edticos al respectivo miembro de la coalici\u00f3n;<\/li>\n \t<li>las causas de disoluci\u00f3n y los procedimientos a seguir, entre otros.<\/li>\n<\/ul>\n<h4>\u00bfCu\u00e1les son los efectos de una Coalici\u00f3n para los partidos individuales?<\/h4>\n<ul style=\"color: #000;\">\n \t<li>Cada partido en la coalici\u00f3n todav\u00eda se reconoce como una entidad legal y tiene una existencia legal independiente<\/li>\n \t<li>No es necesario registrar un nombre, eslogan o s\u00edmbolo de coalici\u00f3n, pero puede usar cualquier otro nombre, eslogan o s\u00edmbolo para popularizar la coalici\u00f3n.<\/li>\n \t<li>Ninguna candidata es nominada en un boleto de coalici\u00f3n<\/li>\n<\/ul>\n<h3>\u00bfQu\u00e9 es un partido pol\u00edtico de coalici\u00f3n?\n<\/h3>\n<p style=\"color:#000;\">Dos o m\u00e1s partidos pol\u00edticos pueden formar un partido pol\u00edtico de coalici\u00f3n antes o despu\u00e9s de una elecci\u00f3n. Un partido pol\u00edtico de coalici\u00f3n es una coalici\u00f3n registrada como partido pol\u00edtico que est\u00e1 exenta de las Secciones 5 y 6 de la Ley de partidos pol\u00edticos de 2011 (PPA).\n<\/p>\n<p style=\"color:#000;\">Esto incluye los requisitos la publicaci\u00f3n del aviso de intenci\u00f3n de registro provisional en la Gaceta y dos diarios de circulaci\u00f3n nacional para efectos de invitar objeciones.\n<\/p>\n<p style=\"color:#000;\">Esto est\u00e1 en l\u00ednea con la Enmienda de la secci\u00f3n 7 del No. 11 de 2011 (Secci\u00f3n (76) de la PPA).\n<\/p>\n<h4>Proceso de registro de partido pol\u00edtico de coalici\u00f3n\n<\/h4>\n<ol style=\"color:#000;\">\n\t<li>Adem\u00e1s de los requisitos para la inscripci\u00f3n completa en el art\u00edculo 7 del N\u00b0 11 del PPA de 2011:\n\t\t<ul>\n\t\t\t<li>Un partido pol\u00edtico de coalici\u00f3n debe proporcionar la direcci\u00f3n del sitio web oficial del partido pol\u00edtico;<\/li>\n\t\t\t<li>Un partido pol\u00edtico de coalici\u00f3n no est\u00e1 obligado a cumplir con las disposiciones de las secciones 5 y 6 de la PPA, 2011.<\/li>\n\t\t\t<li>El gobierno del partido pol\u00edtico de coalici\u00f3n debe estar de acuerdo con las disposiciones de la Ley relacionadas con el gobierno de una Coalici\u00f3n y las Regulaciones hechas al respecto.<\/li>\n\t\t\t<li>Un miembro de una coalici\u00f3n no puede ser miembro de otra coalici\u00f3n.<\/li>\n\t\t<\/ul>\n\t<\/li>\n\t<li>Tras la presentaci\u00f3n de un acuerdo de coalici\u00f3n y sujeto al cumplimiento de otros requisitos bajo el PPA, el Registrador emitir\u00e1 al partido pol\u00edtico de coalici\u00f3n un certificado de registro completo.<\/li>\n\t<li>De conformidad con la Secci\u00f3n 10(2) de la PPA, se debe presentar un acuerdo de coalici\u00f3n para el registro de un partido pol\u00edtico de coalici\u00f3n a la ORPP al menos 120 d\u00edas antes de las elecciones generales.<\/li>\n<\/ol>\n<p style=\"color:#000;\">Los requisitos b\u00e1sicos de un acuerdo de coalici\u00f3n se proporcionan en el Tercer Anexo de la Ley de Partidos Pol\u00edticos de 2011; incluyen partidos en el partido pol\u00edtico de coalici\u00f3n, estructura organizativa general y general, reglas de nominaci\u00f3n que incluyen puestos electorales y \u00e1reas electorales donde un partido pol\u00edtico de coalici\u00f3n tiene la intenci\u00f3n de presentar candidatos, reparto de fondos y resoluci\u00f3n de disputas (Consulte el Tercer Anexo).\n\n<\/p>\n<h4>Derechos y privilegios de un partido pol\u00edtico de coalici\u00f3n<\/h4>\n<ul style=\"color:#000;\">\n\t<li>Un partido pol\u00edtico de coalici\u00f3n, siendo un partido pol\u00edtico, est\u00e1 calificado para participar en las seis elecciones y en todas las \u00e1reas electorales.<\/li>\n\t<li>Los miembros registrados de partidos pol\u00edticos en un partido pol\u00edtico de coalici\u00f3n sujeto a las reglas de nominaci\u00f3n en un acuerdo de coalici\u00f3n son los \u00fanicos elegibles para participar en la nominaci\u00f3n de candidatos de un partido pol\u00edtico de coalici\u00f3n.\n<\/li>\n<li>El acuerdo de coalici\u00f3n tal como se lee con las reglas de nominaci\u00f3n determina el desarrollo de listas de partidos para la asignaci\u00f3n de esca\u00f1os especiales.\n<\/li>\n<li>El acuerdo de coalici\u00f3n, tal como se lee con las reglas de nominaci\u00f3n, determina los esca\u00f1os electivos y las \u00e1reas electorales en las que el partido pol\u00edtico de coalici\u00f3n presentar\u00e1 candidatos.\n<\/li>\n<li>El gobierno de un partido pol\u00edtico de coalici\u00f3n debe estar de acuerdo con las disposiciones de la Ley relativas al gobierno de una coalici\u00f3n y los Reglamentos que se dicten al respecto.\n<\/li>\n<li>Un miembro de una coalici\u00f3n no puede ser miembro de otra coalici\u00f3n.\n<\/li>\n<\/ul>\t\t\t\t\t\t\t\t<\/div>\n\t\t\t\t<\/div>\n\t\t\t\t<div class=\"elementor-element elementor-element-2a9c895 elementor-widget elementor-widget-heading\" data-id=\"2a9c895\" data-element_type=\"widget\" data-widget_type=\"heading.default\">\n\t\t\t\t<div class=\"elementor-widget-container\">\n\t\t\t\t\t<h5 class=\"elementor-heading-title elementor-size-default\">Documentos relacionados<\/h5>\t\t\t\t<\/div>\n\t\t\t\t<\/div>\n\t\t\t\t<div class=\"elementor-element elementor-element-2cf492e elementor-widget elementor-widget-text-editor\" data-id=\"2cf492e\" data-element_type=\"widget\" data-widget_type=\"text-editor.default\">\n\t\t\t\t<div class=\"elementor-widget-container\">\n\t\t\t\t\t\t\t\t\t<ul class=\"related-docs-wrap\">\n<li><a href=\"https:\/\/orpp.or.ke\/es\/document\/pdfcoalition-political-party-checklist\/\" target=\"_blank\">Lista de verificaci\u00f3n de partidos pol\u00edticos de coalici\u00f3n<\/a><\/li>\n\n<li><a href=\"https:\/\/orpp.or.ke\/es\/document\/pre-and-post-election-coalition-checklist\/\" target=\"_blank\">Lista de verificaci\u00f3n de la coalici\u00f3n antes y despu\u00e9s de las elecciones<\/a><\/li>\n<li><a href=\"https:\/\/orpp.or.ke\/es\/document\/political-parties-merger-checklist\/\" target=\"_blank\">Lista de verificaci\u00f3n de fusiones de partidos pol\u00edticos<\/a><\/li>\n<li><a href=\"https:\/\/orpp.or.ke\/es\/document\/highlights-of-the-political-parties-amendment-act-2022\/\" target=\"_blank\">Aspectos destacados de la Ley de Partidos Pol\u00edticos (Enmienda), 2022<\/a><\/li>\n\n<li><a href=\"https:\/\/orpp.or.ke\/es\/document\/salient-legal-timelines\/\" target=\"_blank\">Plazos legales destacados<\/a><\/li>\n<\/ul>\t\t\t\t\t\t\t\t<\/div>\n\t\t\t\t<\/div>\n\t\t\t\t\t<\/div>\n\t\t<\/div>\n\t\t\t\t\t<\/div>\n\t\t<\/section>\n\t\t\t\t<\/div>","protected":false},"excerpt":{"rendered":"<p>Mergers, Coalitions &amp; Coalition Political Parties Mergers Coalitions Coalition Political Parties Pre and Post-election coalition political parties and their constituent parties Related Documents What is a merger? A merger is the combination of two or more political parties into a single party (new or existing) How do parties merge? The political party follows its constitution [&hellip;]<\/p>","protected":false},"author":2,"featured_media":0,"parent":0,"menu_order":0,"comment_status":"closed","ping_status":"closed","template":"","meta":{"_acf_changed":false,"content-type":"","_relevanssi_hide_post":"","_relevanssi_hide_content":"","_relevanssi_pin_for_all":"","_relevanssi_pin_keywords":"","_relevanssi_unpin_keywords":"","_relevanssi_related_keywords":"","_relevanssi_related_include_ids":"","_relevanssi_related_exclude_ids":"","_relevanssi_related_no_append":"","_relevanssi_related_not_related":"","_relevanssi_related_posts":"","_relevanssi_noindex_reason":"","inline_featured_image":false,"_uf_show_specific_survey":0,"_uf_disable_surveys":false,"site-sidebar-layout":"no-sidebar","site-content-layout":"page-builder","ast-site-content-layout":"","site-content-style":"default","site-sidebar-style":"default","ast-global-header-display":"","ast-banner-title-visibility":"","ast-main-header-display":"","ast-hfb-above-header-display":"","ast-hfb-below-header-display":"","ast-hfb-mobile-header-display":"","site-post-title":"disabled","ast-breadcrumbs-content":"","ast-featured-img":"disabled","footer-sml-layout":"","theme-transparent-header-meta":"","adv-header-id-meta":"","stick-header-meta":"","header-above-stick-meta":"","header-main-stick-meta":"","header-below-stick-meta":"","astra-migrate-meta-layouts":"default","ast-page-background-enabled":"default","ast-page-background-meta":{"desktop":{"background-color":"var(--ast-global-color-4)","background-image":"","background-repeat":"repeat","background-position":"center center","background-size":"auto","background-attachment":"scroll","background-type":"","background-media":"","overlay-type":"","overlay-color":"","overlay-opacity":"","overlay-gradient":""},"tablet":{"background-color":"","background-image":"","background-repeat":"repeat","background-position":"center center","background-size":"auto","background-attachment":"scroll","background-type":"","background-media":"","overlay-type":"","overlay-color":"","overlay-opacity":"","overlay-gradient":""},"mobile":{"background-color":"","background-image":"","background-repeat":"repeat","background-position":"center center","background-size":"auto","background-attachment":"scroll","background-type":"","background-media":"","overlay-type":"","overlay-color":"","overlay-opacity":"","overlay-gradient":""}},"ast-content-background-meta":{"desktop":{"background-color":"var(--ast-global-color-5)","background-image":"","background-repeat":"repeat","background-position":"center center","background-size":"auto","background-attachment":"scroll","background-type":"","background-media":"","overlay-type":"","overlay-color":"","overlay-opacity":"","overlay-gradient":""},"tablet":{"background-color":"var(--ast-global-color-5)","background-image":"","background-repeat":"repeat","background-position":"center center","background-size":"auto","background-attachment":"scroll","background-type":"","background-media":"","overlay-type":"","overlay-color":"","overlay-opacity":"","overlay-gradient":""},"mobile":{"background-color":"var(--ast-global-color-5)","background-image":"","background-repeat":"repeat","background-position":"center center","background-size":"auto","background-attachment":"scroll","background-type":"","background-media":"","overlay-type":"","overlay-color":"","overlay-opacity":"","overlay-gradient":""}},"footnotes":""},"class_list":["post-552","page","type-page","status-publish","hentry"],"acf":[],"yoast_head":"<!-- This site is optimized with the Yoast SEO plugin v25.0 - https:\/\/yoast.com\/wordpress\/plugins\/seo\/ -->\n<title>Mergers, Coalitions &amp; Coalition Political Parties_2023 - ORPP<\/title>\n<meta name=\"robots\" content=\"index, follow, max-snippet:-1, max-image-preview:large, max-video-preview:-1\" \/>\n<link rel=\"canonical\" href=\"https:\/\/orpp.or.ke\/es\/mergers-coalitions-coalition-political-parties\/\" \/>\n<meta property=\"og:locale\" content=\"es_ES\" \/>\n<meta property=\"og:type\" content=\"article\" \/>\n<meta property=\"og:title\" content=\"Mergers, Coalitions &amp; Coalition Political Parties_2023 - ORPP\" \/>\n<meta property=\"og:description\" content=\"Mergers, Coalitions &amp; Coalition Political Parties Mergers Coalitions Coalition Political Parties Pre and Post-election coalition political parties and their constituent parties Related Documents What is a merger? A merger is the combination of two or more political parties into a single party (new or existing) How do parties merge? The political party follows its constitution [&hellip;]\" \/>\n<meta property=\"og:url\" content=\"https:\/\/orpp.or.ke\/es\/mergers-coalitions-coalition-political-parties\/\" \/>\n<meta property=\"og:site_name\" content=\"ORPP\" \/>\n<meta property=\"article:publisher\" content=\"https:\/\/facebook.com\/orppke\" \/>\n<meta property=\"article:modified_time\" content=\"2023-09-29T09:28:10+00:00\" \/>\n<meta name=\"twitter:card\" content=\"summary_large_image\" \/>\n<meta name=\"twitter:site\" content=\"@orppke\" \/>\n<meta name=\"twitter:label1\" content=\"Tiempo de lectura\" \/>\n\t<meta name=\"twitter:data1\" content=\"5 minutos\" \/>\n<script type=\"application\/ld+json\" class=\"yoast-schema-graph\">{\"@context\":\"https:\/\/schema.org\",\"@graph\":[{\"@type\":\"WebPage\",\"@id\":\"https:\/\/orpp.or.ke\/mergers-coalitions-coalition-political-parties\/\",\"url\":\"https:\/\/orpp.or.ke\/mergers-coalitions-coalition-political-parties\/\",\"name\":\"Mergers, Coalitions &amp; Coalition Political Parties_2023 - ORPP\",\"isPartOf\":{\"@id\":\"https:\/\/orpp.or.ke\/#website\"},\"datePublished\":\"2023-06-09T11:57:01+00:00\",\"dateModified\":\"2023-09-29T09:28:10+00:00\",\"breadcrumb\":{\"@id\":\"https:\/\/orpp.or.ke\/mergers-coalitions-coalition-political-parties\/#breadcrumb\"},\"inLanguage\":\"es\",\"potentialAction\":[{\"@type\":\"ReadAction\",\"target\":[\"https:\/\/orpp.or.ke\/mergers-coalitions-coalition-political-parties\/\"]}]},{\"@type\":\"BreadcrumbList\",\"@id\":\"https:\/\/orpp.or.ke\/mergers-coalitions-coalition-political-parties\/#breadcrumb\",\"itemListElement\":[{\"@type\":\"ListItem\",\"position\":1,\"name\":\"Home\",\"item\":\"https:\/\/orpp.or.ke\/\"},{\"@type\":\"ListItem\",\"position\":2,\"name\":\"Mergers, Coalitions &amp; Coalition Political Parties_2023\"}]},{\"@type\":\"WebSite\",\"@id\":\"https:\/\/orpp.or.ke\/#website\",\"url\":\"https:\/\/orpp.or.ke\/\",\"name\":\"Office of the Registrar of Political Parties - ORPP\",\"description\":\"Strengthening Political Parties\",\"publisher\":{\"@id\":\"https:\/\/orpp.or.ke\/#organization\"},\"alternateName\":\"ORPP\",\"potentialAction\":[{\"@type\":\"SearchAction\",\"target\":{\"@type\":\"EntryPoint\",\"urlTemplate\":\"https:\/\/orpp.or.ke\/?s={search_term_string}\"},\"query-input\":{\"@type\":\"PropertyValueSpecification\",\"valueRequired\":true,\"valueName\":\"search_term_string\"}}],\"inLanguage\":\"es\"},{\"@type\":\"Organization\",\"@id\":\"https:\/\/orpp.or.ke\/#organization\",\"name\":\"ORPP\",\"url\":\"https:\/\/orpp.or.ke\/\",\"logo\":{\"@type\":\"ImageObject\",\"inLanguage\":\"es\",\"@id\":\"https:\/\/orpp.or.ke\/#\/schema\/logo\/image\/\",\"url\":\"https:\/\/orpp.or.ke\/wp-content\/uploads\/2025\/01\/logo_orpp-png.avif\",\"contentUrl\":\"https:\/\/orpp.or.ke\/wp-content\/uploads\/2025\/01\/logo_orpp-png.avif\",\"width\":300,\"height\":123,\"caption\":\"ORPP\"},\"image\":{\"@id\":\"https:\/\/orpp.or.ke\/#\/schema\/logo\/image\/\"},\"sameAs\":[\"https:\/\/facebook.com\/orppke\",\"https:\/\/x.com\/orppke\"]}]}<\/script>\n<!-- \/ Yoast SEO plugin. -->","yoast_head_json":{"title":"Mergers, Coalitions &amp; Coalition Political Parties_2023 - ORPP","robots":{"index":"index","follow":"follow","max-snippet":"max-snippet:-1","max-image-preview":"max-image-preview:large","max-video-preview":"max-video-preview:-1"},"canonical":"https:\/\/orpp.or.ke\/es\/mergers-coalitions-coalition-political-parties\/","og_locale":"es_ES","og_type":"article","og_title":"Mergers, Coalitions &amp; Coalition Political Parties_2023 - ORPP","og_description":"Mergers, Coalitions &amp; Coalition Political Parties Mergers Coalitions Coalition Political Parties Pre and Post-election coalition political parties and their constituent parties Related Documents What is a merger? A merger is the combination of two or more political parties into a single party (new or existing) How do parties merge? The political party follows its constitution [&hellip;]","og_url":"https:\/\/orpp.or.ke\/es\/mergers-coalitions-coalition-political-parties\/","og_site_name":"ORPP","article_publisher":"https:\/\/facebook.com\/orppke","article_modified_time":"2023-09-29T09:28:10+00:00","twitter_card":"summary_large_image","twitter_site":"@orppke","twitter_misc":{"Tiempo de lectura":"5 minutos"},"schema":{"@context":"https:\/\/schema.org","@graph":[{"@type":"WebPage","@id":"https:\/\/orpp.or.ke\/mergers-coalitions-coalition-political-parties\/","url":"https:\/\/orpp.or.ke\/mergers-coalitions-coalition-political-parties\/","name":"Mergers, Coalitions &amp; Coalition Political Parties_2023 - ORPP","isPartOf":{"@id":"https:\/\/orpp.or.ke\/#website"},"datePublished":"2023-06-09T11:57:01+00:00","dateModified":"2023-09-29T09:28:10+00:00","breadcrumb":{"@id":"https:\/\/orpp.or.ke\/mergers-coalitions-coalition-political-parties\/#breadcrumb"},"inLanguage":"es","potentialAction":[{"@type":"ReadAction","target":["https:\/\/orpp.or.ke\/mergers-coalitions-coalition-political-parties\/"]}]},{"@type":"BreadcrumbList","@id":"https:\/\/orpp.or.ke\/mergers-coalitions-coalition-political-parties\/#breadcrumb","itemListElement":[{"@type":"ListItem","position":1,"name":"Home","item":"https:\/\/orpp.or.ke\/"},{"@type":"ListItem","position":2,"name":"Mergers, Coalitions &amp; Coalition Political Parties_2023"}]},{"@type":"WebSite","@id":"https:\/\/orpp.or.ke\/#website","url":"https:\/\/orpp.or.ke\/","name":"Office of the Registrar of Political Parties - ORPP","description":"Strengthening Political Parties","publisher":{"@id":"https:\/\/orpp.or.ke\/#organization"},"alternateName":"ORPP","potentialAction":[{"@type":"SearchAction","target":{"@type":"EntryPoint","urlTemplate":"https:\/\/orpp.or.ke\/?s={search_term_string}"},"query-input":{"@type":"PropertyValueSpecification","valueRequired":true,"valueName":"search_term_string"}}],"inLanguage":"es"},{"@type":"Organization","@id":"https:\/\/orpp.or.ke\/#organization","name":"ORPP","url":"https:\/\/orpp.or.ke\/","logo":{"@type":"ImageObject","inLanguage":"es","@id":"https:\/\/orpp.or.ke\/#\/schema\/logo\/image\/","url":"https:\/\/orpp.or.ke\/wp-content\/uploads\/2025\/01\/logo_orpp-png.avif","contentUrl":"https:\/\/orpp.or.ke\/wp-content\/uploads\/2025\/01\/logo_orpp-png.avif","width":300,"height":123,"caption":"ORPP"},"image":{"@id":"https:\/\/orpp.or.ke\/#\/schema\/logo\/image\/"},"sameAs":["https:\/\/facebook.com\/orppke","https:\/\/x.com\/orppke"]}]}},"_links":{"self":[{"href":"https:\/\/orpp.or.ke\/es\/wp-json\/wp\/v2\/pages\/552","targetHints":{"allow":["GET"]}}],"collection":[{"href":"https:\/\/orpp.or.ke\/es\/wp-json\/wp\/v2\/pages"}],"about":[{"href":"https:\/\/orpp.or.ke\/es\/wp-json\/wp\/v2\/types\/page"}],"author":[{"embeddable":true,"href":"https:\/\/orpp.or.ke\/es\/wp-json\/wp\/v2\/users\/2"}],"replies":[{"embeddable":true,"href":"https:\/\/orpp.or.ke\/es\/wp-json\/wp\/v2\/comments?post=552"}],"version-history":[{"count":141,"href":"https:\/\/orpp.or.ke\/es\/wp-json\/wp\/v2\/pages\/552\/revisions"}],"predecessor-version":[{"id":4057,"href":"https:\/\/orpp.or.ke\/es\/wp-json\/wp\/v2\/pages\/552\/revisions\/4057"}],"wp:attachment":[{"href":"https:\/\/orpp.or.ke\/es\/wp-json\/wp\/v2\/media?parent=552"}],"curies":[{"name":"wp","href":"https:\/\/api.w.org\/{rel}","templated":true}]}}