{"id":480,"date":"2023-06-09T08:34:38","date_gmt":"2023-06-09T08:34:38","guid":{"rendered":"https:\/\/orpp.or.ke\/?page_id=480"},"modified":"2023-09-27T11:25:51","modified_gmt":"2023-09-27T11:25:51","slug":"about-us","status":"publish","type":"page","link":"https:\/\/orpp.or.ke\/es\/about-us\/","title":{"rendered":"Sobre nosotros"},"content":{"rendered":"<div data-elementor-type=\"wp-page\" data-elementor-id=\"480\" class=\"elementor elementor-480\">\n\t\t\t\t\t\t<section data-particle_enable=\"false\" data-particle-mobile-disabled=\"false\" class=\"elementor-section elementor-top-section elementor-element elementor-element-c501881 elementor-section-height-min-height elementor-section-boxed elementor-section-height-default elementor-section-items-middle\" data-id=\"c501881\" data-element_type=\"section\" data-settings=\"{&quot;background_background&quot;:&quot;classic&quot;}\">\n\t\t\t\t\t\t<div class=\"elementor-container elementor-column-gap-default\">\n\t\t\t\t\t<div class=\"elementor-column elementor-col-100 elementor-top-column elementor-element elementor-element-f5ae63b\" data-id=\"f5ae63b\" data-element_type=\"column\">\n\t\t\t<div class=\"elementor-widget-wrap elementor-element-populated\">\n\t\t\t\t\t\t<div class=\"elementor-element elementor-element-f55a832 elementor-widget elementor-widget-heading\" data-id=\"f55a832\" data-element_type=\"widget\" data-widget_type=\"heading.default\">\n\t\t\t\t<div class=\"elementor-widget-container\">\n\t\t\t\t\t<h2 class=\"elementor-heading-title elementor-size-default\">Sobre nosotros<\/h2>\t\t\t\t<\/div>\n\t\t\t\t<\/div>\n\t\t\t\t\t<\/div>\n\t\t<\/div>\n\t\t\t\t\t<\/div>\n\t\t<\/section>\n\t\t\t\t<section data-particle_enable=\"false\" data-particle-mobile-disabled=\"false\" class=\"elementor-section elementor-top-section elementor-element elementor-element-ec319ee elementor-section-boxed elementor-section-height-default elementor-section-height-default\" data-id=\"ec319ee\" data-element_type=\"section\">\n\t\t\t\t\t\t<div class=\"elementor-container elementor-column-gap-default\">\n\t\t\t\t\t<div class=\"elementor-column elementor-col-100 elementor-top-column elementor-element elementor-element-d929340\" data-id=\"d929340\" data-element_type=\"column\">\n\t\t\t<div class=\"elementor-widget-wrap elementor-element-populated\">\n\t\t\t\t\t\t<div class=\"elementor-element elementor-element-9f3efae elementor-widget elementor-widget-text-editor\" data-id=\"9f3efae\" data-element_type=\"widget\" data-widget_type=\"text-editor.default\">\n\t\t\t\t<div class=\"elementor-widget-container\">\n\t\t\t\t\t\t\t\t\t<p>La Oficina del Registro de Partidos Pol\u00edticos (ORPP) es una oficina estatal establecida en virtud del art\u00edculo 260 de la Constituci\u00f3n de Kenia de 2010 y la Ley de Partidos Pol\u00edticos de 2011. El mandato de la oficina, entre otros, es regular la formaci\u00f3n, registro, y la financiaci\u00f3n de los partidos pol\u00edticos de conformidad con la Constituci\u00f3n y el estado de derecho.<\/p>\n<p>La Ley es la principal referencia legal para la gesti\u00f3n de los partidos pol\u00edticos de conformidad con los art\u00edculos 91 y 92 de la Constituci\u00f3n, que prev\u00e9 partidos pol\u00edticos bien gobernados que respeten la democracia interna y su estatus constitucional en el sistema pol\u00edtico de Kenia.<\/p>\n<p>La ORPP tiene una estructura org\u00e1nica encabezada por el Registrador de Partidos Pol\u00edticos, suplente de tres (3) Registradores Auxiliares. Hay cuatro (4) direcciones, a saber; Registro y Regulaci\u00f3n; Gesti\u00f3n financiera; Planificaci\u00f3n, Investigaci\u00f3n y TIC; y Gesti\u00f3n y Administraci\u00f3n de Recursos Humanos.\n\n<\/p>\n\t\t\t\t\t\t\t\t<\/div>\n\t\t\t\t<\/div>\n\t\t\t\t<div class=\"elementor-element elementor-element-32e1ee6 elementor-widget elementor-widget-heading\" data-id=\"32e1ee6\" data-element_type=\"widget\" data-widget_type=\"heading.default\">\n\t\t\t\t<div class=\"elementor-widget-container\">\n\t\t\t\t\t<h2 class=\"elementor-heading-title elementor-size-default\">Nuestra historia\n<\/h2>\t\t\t\t<\/div>\n\t\t\t\t<\/div>\n\t\t\t\t<div class=\"elementor-element elementor-element-5929f1c elementor-widget elementor-widget-text-editor\" data-id=\"5929f1c\" data-element_type=\"widget\" data-widget_type=\"text-editor.default\">\n\t\t\t\t<div class=\"elementor-widget-container\">\n\t\t\t\t\t\t\t\t\tEl viaje de la Oficina del Registro de Partidos Pol\u00edticos (ORPP) hasta convertirse en una persona jur\u00eddica est\u00e1 lleno de acontecimientos y se extiende por m\u00e1s de cinco d\u00e9cadas. Es una historia que se remonta a la preindependencia. Se caracteriza por el cambio de pol\u00edtica, los informes institucionales y la evoluci\u00f3n del r\u00e9gimen legal, definitivos del marco estructurado actual para la gesti\u00f3n de los partidos pol\u00edticos.\n\n&nbsp;\n<p>Los aspectos m\u00e1s destacados de los tiempos y giros de nuestra historia se resumen, entre otras cosas, en lo siguiente:\n\n<\/p>\t\t\t\t\t\t\t\t<\/div>\n\t\t\t\t<\/div>\n\t\t\t\t<div class=\"elementor-element elementor-element-908e405 elementor-widget elementor-widget-image\" data-id=\"908e405\" data-element_type=\"widget\" data-widget_type=\"image.default\">\n\t\t\t\t<div class=\"elementor-widget-container\">\n\t\t\t\t\t\t\t\t\t\t\t\t\t\t\t<img fetchpriority=\"high\" decoding=\"async\" width=\"791\" height=\"1024\" src=\"https:\/\/orpp.or.ke\/wp-content\/uploads\/2023\/06\/History_of_the_office-791x1024.jpg\" class=\"attachment-large size-large wp-image-899\" alt=\"\" srcset=\"https:\/\/orpp.or.ke\/wp-content\/uploads\/2023\/06\/History_of_the_office-791x1024.jpg 791w, https:\/\/orpp.or.ke\/wp-content\/uploads\/2023\/06\/History_of_the_office-232x300.jpg 232w, https:\/\/orpp.or.ke\/wp-content\/uploads\/2023\/06\/History_of_the_office-768x994.jpg 768w, https:\/\/orpp.or.ke\/wp-content\/uploads\/2023\/06\/History_of_the_office-1187x1536.jpg 1187w, https:\/\/orpp.or.ke\/wp-content\/uploads\/2023\/06\/History_of_the_office-1583x2048.jpg 1583w, https:\/\/orpp.or.ke\/wp-content\/uploads\/2023\/06\/History_of_the_office-9x12.jpg 9w, https:\/\/orpp.or.ke\/wp-content\/uploads\/2023\/06\/History_of_the_office.jpg 1236w\" sizes=\"(max-width: 791px) 100vw, 791px\" \/>\t\t\t\t\t\t\t\t\t\t\t\t\t\t\t<\/div>\n\t\t\t\t<\/div>\n\t\t\t\t\t<\/div>\n\t\t<\/div>\n\t\t\t\t\t<\/div>\n\t\t<\/section>\n\t\t\t\t<\/div>","protected":false},"excerpt":{"rendered":"<p>La Oficina del Registro de Partidos Pol\u00edticos (ORPP) es una oficina estatal establecida en virtud del art\u00edculo 260 de la Constituci\u00f3n de Kenia de 2010 y la Ley de Partidos Pol\u00edticos de 2011. El mandato de la oficina, entre otros, es regular la formaci\u00f3n, registro, y la financiaci\u00f3n de los partidos pol\u00edticos de conformidad con la Constituci\u00f3n y el estado de derecho.<\/p>","protected":false},"author":2,"featured_media":0,"parent":0,"menu_order":0,"comment_status":"closed","ping_status":"closed","template":"","meta":{"_acf_changed":false,"content-type":"","_relevanssi_hide_post":"","_relevanssi_hide_content":"","_relevanssi_pin_for_all":"","_relevanssi_pin_keywords":"","_relevanssi_unpin_keywords":"","_relevanssi_related_keywords":"","_relevanssi_related_include_ids":"","_relevanssi_related_exclude_ids":"","_relevanssi_related_no_append":"","_relevanssi_related_not_related":"","_relevanssi_related_posts":"","_relevanssi_noindex_reason":"","inline_featured_image":false,"_uf_show_specific_survey":0,"_uf_disable_surveys":false,"site-sidebar-layout":"no-sidebar","site-content-layout":"page-builder","ast-site-content-layout":"","site-content-style":"default","site-sidebar-style":"default","ast-global-header-display":"","ast-banner-title-visibility":"","ast-main-header-display":"","ast-hfb-above-header-display":"","ast-hfb-below-header-display":"","ast-hfb-mobile-header-display":"","site-post-title":"disabled","ast-breadcrumbs-content":"","ast-featured-img":"disabled","footer-sml-layout":"","theme-transparent-header-meta":"","adv-header-id-meta":"","stick-header-meta":"","header-above-stick-meta":"","header-main-stick-meta":"","header-below-stick-meta":"","astra-migrate-meta-layouts":"default","ast-page-background-enabled":"default","ast-page-background-meta":{"desktop":{"background-color":"var(--ast-global-color-4)","background-image":"","background-repeat":"repeat","background-position":"center center","background-size":"auto","background-attachment":"scroll","background-type":"","background-media":"","overlay-type":"","overlay-color":"","overlay-opacity":"","overlay-gradient":""},"tablet":{"background-color":"","background-image":"","background-repeat":"repeat","background-position":"center center","background-size":"auto","background-attachment":"scroll","background-type":"","background-media":"","overlay-type":"","overlay-color":"","overlay-opacity":"","overlay-gradient":""},"mobile":{"background-color":"","background-image":"","background-repeat":"repeat","background-position":"center center","background-size":"auto","background-attachment":"scroll","background-type":"","background-media":"","overlay-type":"","overlay-color":"","overlay-opacity":"","overlay-gradient":""}},"ast-content-background-meta":{"desktop":{"background-color":"var(--ast-global-color-5)","background-image":"","background-repeat":"repeat","background-position":"center center","background-size":"auto","background-attachment":"scroll","background-type":"","background-media":"","overlay-type":"","overlay-color":"","overlay-opacity":"","overlay-gradient":""},"tablet":{"background-color":"var(--ast-global-color-5)","background-image":"","background-repeat":"repeat","background-position":"center center","background-size":"auto","background-attachment":"scroll","background-type":"","background-media":"","overlay-type":"","overlay-color":"","overlay-opacity":"","overlay-gradient":""},"mobile":{"background-color":"var(--ast-global-color-5)","background-image":"","background-repeat":"repeat","background-position":"center center","background-size":"auto","background-attachment":"scroll","background-type":"","background-media":"","overlay-type":"","overlay-color":"","overlay-opacity":"","overlay-gradient":""}},"footnotes":""},"class_list":["post-480","page","type-page","status-publish","hentry"],"acf":[],"yoast_head":"<!-- This site is optimized with the Yoast SEO plugin v25.0 - https:\/\/yoast.com\/wordpress\/plugins\/seo\/ -->\n<title>About us - ORPP<\/title>\n<meta name=\"robots\" content=\"index, follow, max-snippet:-1, max-image-preview:large, max-video-preview:-1\" \/>\n<link rel=\"canonical\" href=\"https:\/\/orpp.or.ke\/es\/about-us\/\" \/>\n<meta property=\"og:locale\" content=\"es_ES\" \/>\n<meta property=\"og:type\" content=\"article\" \/>\n<meta property=\"og:title\" content=\"About us - ORPP\" \/>\n<meta property=\"og:description\" content=\"About us Office of the Registrar of Political Parties (ORPP) is a state office established under Article 260 of the Constitution of Kenya, 2010, and the Political Parties Act, 2011. The mandate of the office, among others is to register, regulate the formation and funding of political parties in accordance with the Constitution and rule [&hellip;]\" \/>\n<meta property=\"og:url\" content=\"https:\/\/orpp.or.ke\/es\/about-us\/\" \/>\n<meta property=\"og:site_name\" content=\"ORPP\" \/>\n<meta property=\"article:publisher\" content=\"https:\/\/facebook.com\/orppke\" \/>\n<meta property=\"article:modified_time\" content=\"2023-09-27T11:25:51+00:00\" \/>\n<meta property=\"og:image\" content=\"https:\/\/orpp.or.ke\/wp-content\/uploads\/2023\/06\/History_of_the_office-791x1024.jpg\" \/>\n<meta name=\"twitter:card\" content=\"summary_large_image\" \/>\n<meta name=\"twitter:site\" content=\"@orppke\" \/>\n<meta name=\"twitter:label1\" content=\"Tiempo de lectura\" \/>\n\t<meta name=\"twitter:data1\" content=\"2 minutos\" \/>\n<script type=\"application\/ld+json\" class=\"yoast-schema-graph\">{\"@context\":\"https:\/\/schema.org\",\"@graph\":[{\"@type\":\"WebPage\",\"@id\":\"https:\/\/orpp.or.ke\/about-us\/\",\"url\":\"https:\/\/orpp.or.ke\/about-us\/\",\"name\":\"About us - ORPP\",\"isPartOf\":{\"@id\":\"https:\/\/orpp.or.ke\/#website\"},\"primaryImageOfPage\":{\"@id\":\"https:\/\/orpp.or.ke\/about-us\/#primaryimage\"},\"image\":{\"@id\":\"https:\/\/orpp.or.ke\/about-us\/#primaryimage\"},\"thumbnailUrl\":\"https:\/\/orpp.or.ke\/wp-content\/uploads\/2023\/06\/History_of_the_office-791x1024.jpg\",\"datePublished\":\"2023-06-09T08:34:38+00:00\",\"dateModified\":\"2023-09-27T11:25:51+00:00\",\"breadcrumb\":{\"@id\":\"https:\/\/orpp.or.ke\/about-us\/#breadcrumb\"},\"inLanguage\":\"es\",\"potentialAction\":[{\"@type\":\"ReadAction\",\"target\":[\"https:\/\/orpp.or.ke\/about-us\/\"]}]},{\"@type\":\"ImageObject\",\"inLanguage\":\"es\",\"@id\":\"https:\/\/orpp.or.ke\/about-us\/#primaryimage\",\"url\":\"https:\/\/orpp.or.ke\/wp-content\/uploads\/2023\/06\/History_of_the_office-791x1024.jpg\",\"contentUrl\":\"https:\/\/orpp.or.ke\/wp-content\/uploads\/2023\/06\/History_of_the_office-791x1024.jpg\"},{\"@type\":\"BreadcrumbList\",\"@id\":\"https:\/\/orpp.or.ke\/about-us\/#breadcrumb\",\"itemListElement\":[{\"@type\":\"ListItem\",\"position\":1,\"name\":\"Home\",\"item\":\"https:\/\/orpp.or.ke\/\"},{\"@type\":\"ListItem\",\"position\":2,\"name\":\"About us\"}]},{\"@type\":\"WebSite\",\"@id\":\"https:\/\/orpp.or.ke\/#website\",\"url\":\"https:\/\/orpp.or.ke\/\",\"name\":\"Office of the Registrar of Political Parties - ORPP\",\"description\":\"Strengthening Political Parties\",\"publisher\":{\"@id\":\"https:\/\/orpp.or.ke\/#organization\"},\"alternateName\":\"ORPP\",\"potentialAction\":[{\"@type\":\"SearchAction\",\"target\":{\"@type\":\"EntryPoint\",\"urlTemplate\":\"https:\/\/orpp.or.ke\/?s={search_term_string}\"},\"query-input\":{\"@type\":\"PropertyValueSpecification\",\"valueRequired\":true,\"valueName\":\"search_term_string\"}}],\"inLanguage\":\"es\"},{\"@type\":\"Organization\",\"@id\":\"https:\/\/orpp.or.ke\/#organization\",\"name\":\"ORPP\",\"url\":\"https:\/\/orpp.or.ke\/\",\"logo\":{\"@type\":\"ImageObject\",\"inLanguage\":\"es\",\"@id\":\"https:\/\/orpp.or.ke\/#\/schema\/logo\/image\/\",\"url\":\"https:\/\/orpp.or.ke\/wp-content\/uploads\/2025\/01\/logo_orpp-png.avif\",\"contentUrl\":\"https:\/\/orpp.or.ke\/wp-content\/uploads\/2025\/01\/logo_orpp-png.avif\",\"width\":300,\"height\":123,\"caption\":\"ORPP\"},\"image\":{\"@id\":\"https:\/\/orpp.or.ke\/#\/schema\/logo\/image\/\"},\"sameAs\":[\"https:\/\/facebook.com\/orppke\",\"https:\/\/x.com\/orppke\"]}]}<\/script>\n<!-- \/ Yoast SEO plugin. -->","yoast_head_json":{"title":"About us - ORPP","robots":{"index":"index","follow":"follow","max-snippet":"max-snippet:-1","max-image-preview":"max-image-preview:large","max-video-preview":"max-video-preview:-1"},"canonical":"https:\/\/orpp.or.ke\/es\/about-us\/","og_locale":"es_ES","og_type":"article","og_title":"About us - ORPP","og_description":"About us Office of the Registrar of Political Parties (ORPP) is a state office established under Article 260 of the Constitution of Kenya, 2010, and the Political Parties Act, 2011. The mandate of the office, among others is to register, regulate the formation and funding of political parties in accordance with the Constitution and rule [&hellip;]","og_url":"https:\/\/orpp.or.ke\/es\/about-us\/","og_site_name":"ORPP","article_publisher":"https:\/\/facebook.com\/orppke","article_modified_time":"2023-09-27T11:25:51+00:00","og_image":[{"url":"https:\/\/orpp.or.ke\/wp-content\/uploads\/2023\/06\/History_of_the_office-791x1024.jpg","type":"","width":"","height":""}],"twitter_card":"summary_large_image","twitter_site":"@orppke","twitter_misc":{"Tiempo de lectura":"2 minutos"},"schema":{"@context":"https:\/\/schema.org","@graph":[{"@type":"WebPage","@id":"https:\/\/orpp.or.ke\/about-us\/","url":"https:\/\/orpp.or.ke\/about-us\/","name":"About us - ORPP","isPartOf":{"@id":"https:\/\/orpp.or.ke\/#website"},"primaryImageOfPage":{"@id":"https:\/\/orpp.or.ke\/about-us\/#primaryimage"},"image":{"@id":"https:\/\/orpp.or.ke\/about-us\/#primaryimage"},"thumbnailUrl":"https:\/\/orpp.or.ke\/wp-content\/uploads\/2023\/06\/History_of_the_office-791x1024.jpg","datePublished":"2023-06-09T08:34:38+00:00","dateModified":"2023-09-27T11:25:51+00:00","breadcrumb":{"@id":"https:\/\/orpp.or.ke\/about-us\/#breadcrumb"},"inLanguage":"es","potentialAction":[{"@type":"ReadAction","target":["https:\/\/orpp.or.ke\/about-us\/"]}]},{"@type":"ImageObject","inLanguage":"es","@id":"https:\/\/orpp.or.ke\/about-us\/#primaryimage","url":"https:\/\/orpp.or.ke\/wp-content\/uploads\/2023\/06\/History_of_the_office-791x1024.jpg","contentUrl":"https:\/\/orpp.or.ke\/wp-content\/uploads\/2023\/06\/History_of_the_office-791x1024.jpg"},{"@type":"BreadcrumbList","@id":"https:\/\/orpp.or.ke\/about-us\/#breadcrumb","itemListElement":[{"@type":"ListItem","position":1,"name":"Home","item":"https:\/\/orpp.or.ke\/"},{"@type":"ListItem","position":2,"name":"About us"}]},{"@type":"WebSite","@id":"https:\/\/orpp.or.ke\/#website","url":"https:\/\/orpp.or.ke\/","name":"Office of the Registrar of Political Parties - ORPP","description":"Strengthening Political Parties","publisher":{"@id":"https:\/\/orpp.or.ke\/#organization"},"alternateName":"ORPP","potentialAction":[{"@type":"SearchAction","target":{"@type":"EntryPoint","urlTemplate":"https:\/\/orpp.or.ke\/?s={search_term_string}"},"query-input":{"@type":"PropertyValueSpecification","valueRequired":true,"valueName":"search_term_string"}}],"inLanguage":"es"},{"@type":"Organization","@id":"https:\/\/orpp.or.ke\/#organization","name":"ORPP","url":"https:\/\/orpp.or.ke\/","logo":{"@type":"ImageObject","inLanguage":"es","@id":"https:\/\/orpp.or.ke\/#\/schema\/logo\/image\/","url":"https:\/\/orpp.or.ke\/wp-content\/uploads\/2025\/01\/logo_orpp-png.avif","contentUrl":"https:\/\/orpp.or.ke\/wp-content\/uploads\/2025\/01\/logo_orpp-png.avif","width":300,"height":123,"caption":"ORPP"},"image":{"@id":"https:\/\/orpp.or.ke\/#\/schema\/logo\/image\/"},"sameAs":["https:\/\/facebook.com\/orppke","https:\/\/x.com\/orppke"]}]}},"_links":{"self":[{"href":"https:\/\/orpp.or.ke\/es\/wp-json\/wp\/v2\/pages\/480","targetHints":{"allow":["GET"]}}],"collection":[{"href":"https:\/\/orpp.or.ke\/es\/wp-json\/wp\/v2\/pages"}],"about":[{"href":"https:\/\/orpp.or.ke\/es\/wp-json\/wp\/v2\/types\/page"}],"author":[{"embeddable":true,"href":"https:\/\/orpp.or.ke\/es\/wp-json\/wp\/v2\/users\/2"}],"replies":[{"embeddable":true,"href":"https:\/\/orpp.or.ke\/es\/wp-json\/wp\/v2\/comments?post=480"}],"version-history":[{"count":38,"href":"https:\/\/orpp.or.ke\/es\/wp-json\/wp\/v2\/pages\/480\/revisions"}],"predecessor-version":[{"id":9279,"href":"https:\/\/orpp.or.ke\/es\/wp-json\/wp\/v2\/pages\/480\/revisions\/9279"}],"wp:attachment":[{"href":"https:\/\/orpp.or.ke\/es\/wp-json\/wp\/v2\/media?parent=480"}],"curies":[{"name":"wp","href":"https:\/\/api.w.org\/{rel}","templated":true}]}}