{"id":1617,"date":"2023-06-21T07:57:56","date_gmt":"2023-06-21T07:57:56","guid":{"rendered":"https:\/\/orpp.or.ke\/?page_id=1617"},"modified":"2023-09-30T17:58:39","modified_gmt":"2023-09-30T17:58:39","slug":"background-information","status":"publish","type":"page","link":"https:\/\/orpp.or.ke\/es\/background-information\/","title":{"rendered":"Our Background"},"content":{"rendered":"<div data-elementor-type=\"wp-page\" data-elementor-id=\"1617\" class=\"elementor elementor-1617\">\n\t\t\t\t\t\t<section data-particle_enable=\"false\" data-particle-mobile-disabled=\"false\" class=\"elementor-section elementor-top-section elementor-element elementor-element-5074e4e9 elementor-section-height-min-height elementor-section-boxed elementor-section-height-default elementor-section-items-middle\" data-id=\"5074e4e9\" data-element_type=\"section\" data-settings=\"{&quot;background_background&quot;:&quot;classic&quot;}\">\n\t\t\t\t\t\t<div class=\"elementor-container elementor-column-gap-default\">\n\t\t\t\t\t<div class=\"elementor-column elementor-col-100 elementor-top-column elementor-element elementor-element-4434712\" data-id=\"4434712\" data-element_type=\"column\">\n\t\t\t<div class=\"elementor-widget-wrap elementor-element-populated\">\n\t\t\t\t\t\t<div class=\"elementor-element elementor-element-30d2f515 elementor-widget elementor-widget-heading\" data-id=\"30d2f515\" data-element_type=\"widget\" data-widget_type=\"heading.default\">\n\t\t\t\t<div class=\"elementor-widget-container\">\n\t\t\t\t\t<h3 class=\"elementor-heading-title elementor-size-default\">Informaci\u00f3n de contexto<\/h3>\t\t\t\t<\/div>\n\t\t\t\t<\/div>\n\t\t\t\t<div class=\"elementor-element elementor-element-bee27b1 elementor-widget elementor-widget-text-editor\" data-id=\"bee27b1\" data-element_type=\"widget\" data-widget_type=\"text-editor.default\">\n\t\t\t\t<div class=\"elementor-widget-container\">\n\t\t\t\t\t\t\t\t\t\t\t\t<!-- Flexy Breadcrumb -->\r\n\t\t\t<div class=\"fbc fbc-page\">\r\n\r\n\t\t\t\t<!-- Breadcrumb wrapper -->\r\n\t\t\t\t<div class=\"fbc-wrap\">\r\n\r\n\t\t\t\t\t<!-- Ordered list-->\r\n\t\t\t\t\t<ol class=\"fbc-items\" itemscope itemtype=\"https:\/\/schema.org\/BreadcrumbList\">\r\n\t\t\t\t\t\t            <li itemprop=\"itemListElement\" itemscope itemtype=\"https:\/\/schema.org\/ListItem\">\r\n                <span itemprop=\"name\">\r\n                    <!-- Home Link -->\r\n                    <a itemprop=\"item\" href=\"https:\/\/orpp.or.ke\/es\/\">\r\n                    \r\n                                                    <i class=\"fa fa-home\" aria-hidden=\"true\"><\/i>Hogar                    <\/a>\r\n                <\/span>\r\n                <meta itemprop=\"position\" content=\"1\" \/><!-- Meta Position-->\r\n             <\/li><li><span class=\"fbc-separator\">\/<\/span><\/li><li class=\"active\" itemprop=\"itemListElement\" itemscope itemtype=\"https:\/\/schema.org\/ListItem\"><span itemprop=\"name\" title=\"News\">News<\/span><meta itemprop=\"position\" content=\"2\" \/><\/li>\t\t\t\t\t<\/ol>\r\n\t\t\t\t\t<div class=\"clearfix\"><\/div>\r\n\t\t\t\t<\/div>\r\n\t\t\t<\/div>\r\n\t\t\t\t\t\t\t\t\t\t\t<\/div>\n\t\t\t\t<\/div>\n\t\t\t\t\t<\/div>\n\t\t<\/div>\n\t\t\t\t\t<\/div>\n\t\t<\/section>\n\t\t\t\t<section data-particle_enable=\"false\" data-particle-mobile-disabled=\"false\" class=\"elementor-section elementor-top-section elementor-element elementor-element-99d234f elementor-section-boxed elementor-section-height-default elementor-section-height-default\" data-id=\"99d234f\" data-element_type=\"section\">\n\t\t\t\t\t\t<div class=\"elementor-container elementor-column-gap-default\">\n\t\t\t\t\t<div class=\"elementor-column elementor-col-100 elementor-top-column elementor-element elementor-element-6dc7427\" data-id=\"6dc7427\" data-element_type=\"column\">\n\t\t\t<div class=\"elementor-widget-wrap elementor-element-populated\">\n\t\t\t\t\t\t<div class=\"elementor-element elementor-element-a32edc2 elementor-widget elementor-widget-text-editor\" data-id=\"a32edc2\" data-element_type=\"widget\" data-widget_type=\"text-editor.default\">\n\t\t\t\t<div class=\"elementor-widget-container\">\n\t\t\t\t\t\t\t\t\t<p style=\"text-align: justify;\">Office of the Registrar of Political Parties (ORPP) is a state office established under Article 260 of the Constitution of Kenya, 2010, and the Political Parties Act, 2011. The mandate of the office is to register, and regulate political parties and administer the Political Parties Fund (PPF).<\/p>\n<p style=\"text-align: justify;\">La Ley es la principal referencia legal para la gesti\u00f3n de los partidos pol\u00edticos de conformidad con los art\u00edculos 91 y 92 de la Constituci\u00f3n, que prev\u00e9 partidos pol\u00edticos bien gobernados que respeten la democracia interna y su estatus constitucional en el sistema pol\u00edtico de Kenia.<\/p>\n\n<p style=\"text-align: justify;\">The ORPP is headed by the Registrar of Political Parties, deputized by three (3) Assistant Registrars. There are three (3) directorates namely; \nRegistration and Field Services Coordination; Regulation and Compliance and Political Parties Fund, Partnerships &#038; Strategy. <\/p>\n\n<h3>Nuestra historia<\/h3>\n<p style=\"text-align: justify;\">El viaje de la Oficina del Registro de Partidos Pol\u00edticos (ORPP) hasta convertirse en una persona jur\u00eddica est\u00e1 lleno de acontecimientos y se extiende por m\u00e1s de cinco d\u00e9cadas. Es una historia que se remonta a la preindependencia. Se caracteriza por el cambio de pol\u00edtica, los informes institucionales y la evoluci\u00f3n del r\u00e9gimen legal, definitivos del marco estructurado actual para la gesti\u00f3n de los partidos pol\u00edticos.<\/p>\nLos aspectos m\u00e1s destacados de los tiempos y giros de nuestra historia se resumen, entre otras cosas, en lo siguiente:\t\t\t\t\t\t\t\t<\/div>\n\t\t\t\t<\/div>\n\t\t\t\t\t<\/div>\n\t\t<\/div>\n\t\t\t\t\t<\/div>\n\t\t<\/section>\n\t\t\t\t<section data-particle_enable=\"false\" data-particle-mobile-disabled=\"false\" class=\"elementor-section elementor-top-section elementor-element elementor-element-e797b94 elementor-section-boxed elementor-section-height-default elementor-section-height-default\" data-id=\"e797b94\" data-element_type=\"section\">\n\t\t\t\t\t\t<div class=\"elementor-container elementor-column-gap-default\">\n\t\t\t\t\t<div class=\"elementor-column elementor-col-100 elementor-top-column elementor-element elementor-element-68b6d0c\" data-id=\"68b6d0c\" data-element_type=\"column\">\n\t\t\t<div class=\"elementor-widget-wrap elementor-element-populated\">\n\t\t\t\t\t\t<div class=\"elementor-element elementor-element-e80d907 elementor-widget elementor-widget-image\" data-id=\"e80d907\" data-element_type=\"widget\" data-widget_type=\"image.default\">\n\t\t\t\t<div class=\"elementor-widget-container\">\n\t\t\t\t\t\t\t\t\t\t\t\t\t\t\t<img fetchpriority=\"high\" decoding=\"async\" width=\"450\" height=\"667\" src=\"https:\/\/orpp.or.ke\/wp-content\/uploads\/2023\/09\/history.jpeg\" class=\"attachment-large size-large wp-image-4170\" alt=\"\" srcset=\"https:\/\/orpp.or.ke\/wp-content\/uploads\/2023\/09\/history.jpeg 450w, https:\/\/orpp.or.ke\/wp-content\/uploads\/2023\/09\/history-202x300.jpeg 202w, https:\/\/orpp.or.ke\/wp-content\/uploads\/2023\/09\/history-8x12.jpeg 8w, https:\/\/orpp.or.ke\/wp-content\/uploads\/2023\/09\/history-40x60.jpeg 40w\" sizes=\"(max-width: 450px) 100vw, 450px\" \/>\t\t\t\t\t\t\t\t\t\t\t\t\t\t\t<\/div>\n\t\t\t\t<\/div>\n\t\t\t\t\t<\/div>\n\t\t<\/div>\n\t\t\t\t\t<\/div>\n\t\t<\/section>\n\t\t\t\t<\/div>","protected":false},"excerpt":{"rendered":"<p>Background Information Office of the Registrar of Political Parties (ORPP) is a state office established under Article 260 of the Constitution of Kenya, 2010, and the Political Parties Act, 2011. The mandate of the office is to register, and regulate political parties and administer the Political Parties Fund (PPF). The Act is the primary legal [&hellip;]<\/p>","protected":false},"author":2,"featured_media":0,"parent":0,"menu_order":0,"comment_status":"closed","ping_status":"closed","template":"","meta":{"_acf_changed":false,"content-type":"","_relevanssi_hide_post":"","_relevanssi_hide_content":"","_relevanssi_pin_for_all":"","_relevanssi_pin_keywords":"","_relevanssi_unpin_keywords":"","_relevanssi_related_keywords":"","_relevanssi_related_include_ids":"","_relevanssi_related_exclude_ids":"","_relevanssi_related_no_append":"","_relevanssi_related_not_related":"","_relevanssi_related_posts":"","_relevanssi_noindex_reason":"","inline_featured_image":false,"_uf_show_specific_survey":0,"_uf_disable_surveys":false,"site-sidebar-layout":"no-sidebar","site-content-layout":"page-builder","ast-site-content-layout":"","site-content-style":"default","site-sidebar-style":"default","ast-global-header-display":"","ast-banner-title-visibility":"","ast-main-header-display":"","ast-hfb-above-header-display":"","ast-hfb-below-header-display":"","ast-hfb-mobile-header-display":"","site-post-title":"disabled","ast-breadcrumbs-content":"","ast-featured-img":"disabled","footer-sml-layout":"","theme-transparent-header-meta":"","adv-header-id-meta":"","stick-header-meta":"","header-above-stick-meta":"","header-main-stick-meta":"","header-below-stick-meta":"","astra-migrate-meta-layouts":"default","ast-page-background-enabled":"default","ast-page-background-meta":{"desktop":{"background-color":"var(--ast-global-color-4)","background-image":"","background-repeat":"repeat","background-position":"center center","background-size":"auto","background-attachment":"scroll","background-type":"","background-media":"","overlay-type":"","overlay-color":"","overlay-opacity":"","overlay-gradient":""},"tablet":{"background-color":"","background-image":"","background-repeat":"repeat","background-position":"center center","background-size":"auto","background-attachment":"scroll","background-type":"","background-media":"","overlay-type":"","overlay-color":"","overlay-opacity":"","overlay-gradient":""},"mobile":{"background-color":"","background-image":"","background-repeat":"repeat","background-position":"center center","background-size":"auto","background-attachment":"scroll","background-type":"","background-media":"","overlay-type":"","overlay-color":"","overlay-opacity":"","overlay-gradient":""}},"ast-content-background-meta":{"desktop":{"background-color":"var(--ast-global-color-5)","background-image":"","background-repeat":"repeat","background-position":"center center","background-size":"auto","background-attachment":"scroll","background-type":"","background-media":"","overlay-type":"","overlay-color":"","overlay-opacity":"","overlay-gradient":""},"tablet":{"background-color":"var(--ast-global-color-5)","background-image":"","background-repeat":"repeat","background-position":"center center","background-size":"auto","background-attachment":"scroll","background-type":"","background-media":"","overlay-type":"","overlay-color":"","overlay-opacity":"","overlay-gradient":""},"mobile":{"background-color":"var(--ast-global-color-5)","background-image":"","background-repeat":"repeat","background-position":"center center","background-size":"auto","background-attachment":"scroll","background-type":"","background-media":"","overlay-type":"","overlay-color":"","overlay-opacity":"","overlay-gradient":""}},"footnotes":""},"class_list":["post-1617","page","type-page","status-publish","hentry"],"acf":[],"yoast_head":"<!-- This site is optimized with the Yoast SEO plugin v25.0 - https:\/\/yoast.com\/wordpress\/plugins\/seo\/ -->\n<title>Our Background - ORPP<\/title>\n<meta name=\"robots\" content=\"index, follow, max-snippet:-1, max-image-preview:large, max-video-preview:-1\" \/>\n<link rel=\"canonical\" href=\"https:\/\/orpp.or.ke\/es\/background-information\/\" \/>\n<meta property=\"og:locale\" content=\"es_ES\" \/>\n<meta property=\"og:type\" content=\"article\" \/>\n<meta property=\"og:title\" content=\"Our Background - ORPP\" \/>\n<meta property=\"og:description\" content=\"Background Information Office of the Registrar of Political Parties (ORPP) is a state office established under Article 260 of the Constitution of Kenya, 2010, and the Political Parties Act, 2011. The mandate of the office is to register, and regulate political parties and administer the Political Parties Fund (PPF). The Act is the primary legal [&hellip;]\" \/>\n<meta property=\"og:url\" content=\"https:\/\/orpp.or.ke\/es\/background-information\/\" \/>\n<meta property=\"og:site_name\" content=\"ORPP\" \/>\n<meta property=\"article:publisher\" content=\"https:\/\/facebook.com\/orppke\" \/>\n<meta property=\"article:modified_time\" content=\"2023-09-30T17:58:39+00:00\" \/>\n<meta property=\"og:image\" content=\"https:\/\/orpp.or.ke\/wp-content\/uploads\/2023\/09\/history.jpeg\" \/>\n<meta name=\"twitter:card\" content=\"summary_large_image\" \/>\n<meta name=\"twitter:site\" content=\"@orppke\" \/>\n<meta name=\"twitter:label1\" content=\"Tiempo de lectura\" \/>\n\t<meta name=\"twitter:data1\" content=\"1 minuto\" \/>\n<script type=\"application\/ld+json\" class=\"yoast-schema-graph\">{\"@context\":\"https:\/\/schema.org\",\"@graph\":[{\"@type\":\"WebPage\",\"@id\":\"https:\/\/orpp.or.ke\/background-information\/\",\"url\":\"https:\/\/orpp.or.ke\/background-information\/\",\"name\":\"Our Background - ORPP\",\"isPartOf\":{\"@id\":\"https:\/\/orpp.or.ke\/#website\"},\"primaryImageOfPage\":{\"@id\":\"https:\/\/orpp.or.ke\/background-information\/#primaryimage\"},\"image\":{\"@id\":\"https:\/\/orpp.or.ke\/background-information\/#primaryimage\"},\"thumbnailUrl\":\"https:\/\/orpp.or.ke\/wp-content\/uploads\/2023\/09\/history.jpeg\",\"datePublished\":\"2023-06-21T07:57:56+00:00\",\"dateModified\":\"2023-09-30T17:58:39+00:00\",\"breadcrumb\":{\"@id\":\"https:\/\/orpp.or.ke\/background-information\/#breadcrumb\"},\"inLanguage\":\"es\",\"potentialAction\":[{\"@type\":\"ReadAction\",\"target\":[\"https:\/\/orpp.or.ke\/background-information\/\"]}]},{\"@type\":\"ImageObject\",\"inLanguage\":\"es\",\"@id\":\"https:\/\/orpp.or.ke\/background-information\/#primaryimage\",\"url\":\"https:\/\/orpp.or.ke\/wp-content\/uploads\/2023\/09\/history.jpeg\",\"contentUrl\":\"https:\/\/orpp.or.ke\/wp-content\/uploads\/2023\/09\/history.jpeg\"},{\"@type\":\"BreadcrumbList\",\"@id\":\"https:\/\/orpp.or.ke\/background-information\/#breadcrumb\",\"itemListElement\":[{\"@type\":\"ListItem\",\"position\":1,\"name\":\"Home\",\"item\":\"https:\/\/orpp.or.ke\/\"},{\"@type\":\"ListItem\",\"position\":2,\"name\":\"Our Background\"}]},{\"@type\":\"WebSite\",\"@id\":\"https:\/\/orpp.or.ke\/#website\",\"url\":\"https:\/\/orpp.or.ke\/\",\"name\":\"Office of the Registrar of Political Parties - ORPP\",\"description\":\"Strengthening Political Parties\",\"publisher\":{\"@id\":\"https:\/\/orpp.or.ke\/#organization\"},\"alternateName\":\"ORPP\",\"potentialAction\":[{\"@type\":\"SearchAction\",\"target\":{\"@type\":\"EntryPoint\",\"urlTemplate\":\"https:\/\/orpp.or.ke\/?s={search_term_string}\"},\"query-input\":{\"@type\":\"PropertyValueSpecification\",\"valueRequired\":true,\"valueName\":\"search_term_string\"}}],\"inLanguage\":\"es\"},{\"@type\":\"Organization\",\"@id\":\"https:\/\/orpp.or.ke\/#organization\",\"name\":\"ORPP\",\"url\":\"https:\/\/orpp.or.ke\/\",\"logo\":{\"@type\":\"ImageObject\",\"inLanguage\":\"es\",\"@id\":\"https:\/\/orpp.or.ke\/#\/schema\/logo\/image\/\",\"url\":\"https:\/\/orpp.or.ke\/wp-content\/uploads\/2025\/01\/logo_orpp-png.avif\",\"contentUrl\":\"https:\/\/orpp.or.ke\/wp-content\/uploads\/2025\/01\/logo_orpp-png.avif\",\"width\":300,\"height\":123,\"caption\":\"ORPP\"},\"image\":{\"@id\":\"https:\/\/orpp.or.ke\/#\/schema\/logo\/image\/\"},\"sameAs\":[\"https:\/\/facebook.com\/orppke\",\"https:\/\/x.com\/orppke\"]}]}<\/script>\n<!-- \/ Yoast SEO plugin. -->","yoast_head_json":{"title":"Our Background - ORPP","robots":{"index":"index","follow":"follow","max-snippet":"max-snippet:-1","max-image-preview":"max-image-preview:large","max-video-preview":"max-video-preview:-1"},"canonical":"https:\/\/orpp.or.ke\/es\/background-information\/","og_locale":"es_ES","og_type":"article","og_title":"Our Background - ORPP","og_description":"Background Information Office of the Registrar of Political Parties (ORPP) is a state office established under Article 260 of the Constitution of Kenya, 2010, and the Political Parties Act, 2011. The mandate of the office is to register, and regulate political parties and administer the Political Parties Fund (PPF). The Act is the primary legal [&hellip;]","og_url":"https:\/\/orpp.or.ke\/es\/background-information\/","og_site_name":"ORPP","article_publisher":"https:\/\/facebook.com\/orppke","article_modified_time":"2023-09-30T17:58:39+00:00","og_image":[{"url":"https:\/\/orpp.or.ke\/wp-content\/uploads\/2023\/09\/history.jpeg","type":"","width":"","height":""}],"twitter_card":"summary_large_image","twitter_site":"@orppke","twitter_misc":{"Tiempo de lectura":"1 minuto"},"schema":{"@context":"https:\/\/schema.org","@graph":[{"@type":"WebPage","@id":"https:\/\/orpp.or.ke\/background-information\/","url":"https:\/\/orpp.or.ke\/background-information\/","name":"Our Background - ORPP","isPartOf":{"@id":"https:\/\/orpp.or.ke\/#website"},"primaryImageOfPage":{"@id":"https:\/\/orpp.or.ke\/background-information\/#primaryimage"},"image":{"@id":"https:\/\/orpp.or.ke\/background-information\/#primaryimage"},"thumbnailUrl":"https:\/\/orpp.or.ke\/wp-content\/uploads\/2023\/09\/history.jpeg","datePublished":"2023-06-21T07:57:56+00:00","dateModified":"2023-09-30T17:58:39+00:00","breadcrumb":{"@id":"https:\/\/orpp.or.ke\/background-information\/#breadcrumb"},"inLanguage":"es","potentialAction":[{"@type":"ReadAction","target":["https:\/\/orpp.or.ke\/background-information\/"]}]},{"@type":"ImageObject","inLanguage":"es","@id":"https:\/\/orpp.or.ke\/background-information\/#primaryimage","url":"https:\/\/orpp.or.ke\/wp-content\/uploads\/2023\/09\/history.jpeg","contentUrl":"https:\/\/orpp.or.ke\/wp-content\/uploads\/2023\/09\/history.jpeg"},{"@type":"BreadcrumbList","@id":"https:\/\/orpp.or.ke\/background-information\/#breadcrumb","itemListElement":[{"@type":"ListItem","position":1,"name":"Home","item":"https:\/\/orpp.or.ke\/"},{"@type":"ListItem","position":2,"name":"Our Background"}]},{"@type":"WebSite","@id":"https:\/\/orpp.or.ke\/#website","url":"https:\/\/orpp.or.ke\/","name":"Office of the Registrar of Political Parties - ORPP","description":"Strengthening Political Parties","publisher":{"@id":"https:\/\/orpp.or.ke\/#organization"},"alternateName":"ORPP","potentialAction":[{"@type":"SearchAction","target":{"@type":"EntryPoint","urlTemplate":"https:\/\/orpp.or.ke\/?s={search_term_string}"},"query-input":{"@type":"PropertyValueSpecification","valueRequired":true,"valueName":"search_term_string"}}],"inLanguage":"es"},{"@type":"Organization","@id":"https:\/\/orpp.or.ke\/#organization","name":"ORPP","url":"https:\/\/orpp.or.ke\/","logo":{"@type":"ImageObject","inLanguage":"es","@id":"https:\/\/orpp.or.ke\/#\/schema\/logo\/image\/","url":"https:\/\/orpp.or.ke\/wp-content\/uploads\/2025\/01\/logo_orpp-png.avif","contentUrl":"https:\/\/orpp.or.ke\/wp-content\/uploads\/2025\/01\/logo_orpp-png.avif","width":300,"height":123,"caption":"ORPP"},"image":{"@id":"https:\/\/orpp.or.ke\/#\/schema\/logo\/image\/"},"sameAs":["https:\/\/facebook.com\/orppke","https:\/\/x.com\/orppke"]}]}},"_links":{"self":[{"href":"https:\/\/orpp.or.ke\/es\/wp-json\/wp\/v2\/pages\/1617","targetHints":{"allow":["GET"]}}],"collection":[{"href":"https:\/\/orpp.or.ke\/es\/wp-json\/wp\/v2\/pages"}],"about":[{"href":"https:\/\/orpp.or.ke\/es\/wp-json\/wp\/v2\/types\/page"}],"author":[{"embeddable":true,"href":"https:\/\/orpp.or.ke\/es\/wp-json\/wp\/v2\/users\/2"}],"replies":[{"embeddable":true,"href":"https:\/\/orpp.or.ke\/es\/wp-json\/wp\/v2\/comments?post=1617"}],"version-history":[{"count":86,"href":"https:\/\/orpp.or.ke\/es\/wp-json\/wp\/v2\/pages\/1617\/revisions"}],"predecessor-version":[{"id":4794,"href":"https:\/\/orpp.or.ke\/es\/wp-json\/wp\/v2\/pages\/1617\/revisions\/4794"}],"wp:attachment":[{"href":"https:\/\/orpp.or.ke\/es\/wp-json\/wp\/v2\/media?parent=1617"}],"curies":[{"name":"wp","href":"https:\/\/api.w.org\/{rel}","templated":true}]}}