{"id":1311,"date":"2023-06-15T20:51:25","date_gmt":"2023-06-15T20:51:25","guid":{"rendered":"https:\/\/orpp.or.ke\/?page_id=1311"},"modified":"2023-09-28T09:53:46","modified_gmt":"2023-09-28T09:53:46","slug":"strategic-plan","status":"publish","type":"page","link":"https:\/\/orpp.or.ke\/es\/strategic-plan\/","title":{"rendered":"Plan estrat\u00e9gico"},"content":{"rendered":"<div data-elementor-type=\"wp-page\" data-elementor-id=\"1311\" class=\"elementor elementor-1311\">\n\t\t\t\t\t\t<section data-particle_enable=\"false\" data-particle-mobile-disabled=\"false\" class=\"elementor-section elementor-top-section elementor-element elementor-element-3b51a9a2 elementor-section-height-min-height elementor-section-boxed elementor-section-height-default elementor-section-items-middle\" data-id=\"3b51a9a2\" data-element_type=\"section\" data-settings=\"{&quot;background_background&quot;:&quot;classic&quot;}\">\n\t\t\t\t\t\t<div class=\"elementor-container elementor-column-gap-default\">\n\t\t\t\t\t<div class=\"elementor-column elementor-col-100 elementor-top-column elementor-element elementor-element-2a2a7a4f\" data-id=\"2a2a7a4f\" data-element_type=\"column\">\n\t\t\t<div class=\"elementor-widget-wrap elementor-element-populated\">\n\t\t\t\t\t\t<div class=\"elementor-element elementor-element-3aa10206 elementor-widget elementor-widget-heading\" data-id=\"3aa10206\" data-element_type=\"widget\" data-widget_type=\"heading.default\">\n\t\t\t\t<div class=\"elementor-widget-container\">\n\t\t\t\t\t<h3 class=\"elementor-heading-title elementor-size-default\">Plan estrat\u00e9gico<\/h3>\t\t\t\t<\/div>\n\t\t\t\t<\/div>\n\t\t\t\t<div class=\"elementor-element elementor-element-1f9ad2b elementor-widget elementor-widget-text-editor\" data-id=\"1f9ad2b\" data-element_type=\"widget\" data-widget_type=\"text-editor.default\">\n\t\t\t\t<div class=\"elementor-widget-container\">\n\t\t\t\t\t\t\t\t\t\t\t\t<!-- Flexy Breadcrumb -->\r\n\t\t\t<div class=\"fbc fbc-page\">\r\n\r\n\t\t\t\t<!-- Breadcrumb wrapper -->\r\n\t\t\t\t<div class=\"fbc-wrap\">\r\n\r\n\t\t\t\t\t<!-- Ordered list-->\r\n\t\t\t\t\t<ol class=\"fbc-items\" itemscope itemtype=\"https:\/\/schema.org\/BreadcrumbList\">\r\n\t\t\t\t\t\t            <li itemprop=\"itemListElement\" itemscope itemtype=\"https:\/\/schema.org\/ListItem\">\r\n                <span itemprop=\"name\">\r\n                    <!-- Home Link -->\r\n                    <a itemprop=\"item\" href=\"https:\/\/orpp.or.ke\/es\/\">\r\n                    \r\n                                                    <i class=\"fa fa-home\" aria-hidden=\"true\"><\/i>Hogar                    <\/a>\r\n                <\/span>\r\n                <meta itemprop=\"position\" content=\"1\" \/><!-- Meta Position-->\r\n             <\/li><li><span class=\"fbc-separator\">\/<\/span><\/li><li class=\"active\" itemprop=\"itemListElement\" itemscope itemtype=\"https:\/\/schema.org\/ListItem\"><span itemprop=\"name\" title=\"News\">News<\/span><meta itemprop=\"position\" content=\"2\" \/><\/li>\t\t\t\t\t<\/ol>\r\n\t\t\t\t\t<div class=\"clearfix\"><\/div>\r\n\t\t\t\t<\/div>\r\n\t\t\t<\/div>\r\n\t\t\t\t\t\t\t\t\t\t\t<\/div>\n\t\t\t\t<\/div>\n\t\t\t\t\t<\/div>\n\t\t<\/div>\n\t\t\t\t\t<\/div>\n\t\t<\/section>\n\t\t\t\t<section data-particle_enable=\"false\" data-particle-mobile-disabled=\"false\" class=\"elementor-section elementor-top-section elementor-element elementor-element-7dc0096 elementor-section-boxed elementor-section-height-default elementor-section-height-default\" data-id=\"7dc0096\" data-element_type=\"section\">\n\t\t\t\t\t\t<div class=\"elementor-container elementor-column-gap-default\">\n\t\t\t\t\t<div class=\"elementor-column elementor-col-100 elementor-top-column elementor-element elementor-element-74a496a\" data-id=\"74a496a\" data-element_type=\"column\">\n\t\t\t<div class=\"elementor-widget-wrap elementor-element-populated\">\n\t\t\t\t\t\t<div class=\"elementor-element elementor-element-a0db05f elementor-widget__width-initial elementor-widget elementor-widget-text-editor\" data-id=\"a0db05f\" data-element_type=\"widget\" data-widget_type=\"text-editor.default\">\n\t\t\t\t<div class=\"elementor-widget-container\">\n\t\t\t\t\t\t\t\t\t<p>El plan estrat\u00e9gico es un documento de cinco a\u00f1os preparado de acuerdo con la pol\u00edtica del Gobierno para asegurar la implementaci\u00f3n efectiva y eficiente del mandato de la Oficina del Registro de Partidos Pol\u00edticos. Est\u00e1 preparado de acuerdo con la Constituci\u00f3n de Kenia, la Ley de Partidos Pol\u00edticos de 2011 y el segundo plan a mediano plazo de la Visi\u00f3n 2030 de Kenia.<\/p><p>El plan estrat\u00e9gico 2015-2020 establece ocho resultados clave que se espera que logre la Oficina del Registro de Partidos Pol\u00edticos en un per\u00edodo de cinco a\u00f1os. Incluyen;<\/p><ul><li>Marco legal y regulatorio fortalecido<\/li><li>Marco de seguimiento y evaluaci\u00f3n mejorado<\/li><li>Capacidad institucional de la ORPP fortalecida<\/li><li>Kuimarishwa kwa ufuasi wa vyama vya siasa<\/li><li>Se fortaleci\u00f3 la gesti\u00f3n y administraci\u00f3n de las finanzas de la ORPP<\/li><li>Mejora de la imagen corporativa de ORPP<\/li><li>Plataforma PPLC fortalecida<\/li><li>Fortalecimiento de la asociaci\u00f3n estrat\u00e9gica con las partes interesadas.<\/li><\/ul><p><script src=\"moz-extension:\/\/46104a8c-b00e-4b38-8c25-12b2378af402\/js\/app.js\" type=\"text\/javascript\"><\/script><\/p>\t\t\t\t\t\t\t\t<\/div>\n\t\t\t\t<\/div>\n\t\t\t\t\t<\/div>\n\t\t<\/div>\n\t\t\t\t\t<\/div>\n\t\t<\/section>\n\t\t\t\t<section data-particle_enable=\"false\" data-particle-mobile-disabled=\"false\" class=\"elementor-section elementor-top-section elementor-element elementor-element-a8ca061 elementor-section-boxed elementor-section-height-default elementor-section-height-default\" data-id=\"a8ca061\" data-element_type=\"section\">\n\t\t\t\t\t\t<div class=\"elementor-container elementor-column-gap-default\">\n\t\t\t\t\t<div class=\"elementor-column elementor-col-100 elementor-top-column elementor-element elementor-element-2567ba8\" data-id=\"2567ba8\" data-element_type=\"column\">\n\t\t\t<div class=\"elementor-widget-wrap elementor-element-populated\">\n\t\t\t\t\t\t<div class=\"elementor-element elementor-element-06d429e elementor-widget elementor-widget-text-editor\" data-id=\"06d429e\" data-element_type=\"widget\" data-widget_type=\"text-editor.default\">\n\t\t\t\t<div class=\"elementor-widget-container\">\n\t\t\t\t\t\t\t\t\t<div id=\"dlp_grid_2cac2e77b1a1f964_1\" class=\"dlp-grid-container\"><header class=\"dlp-grid-header\"><div class=\"dlp-grid-filters\"><\/div><\/header><div class=\"dlp-grid-documents grid-autosize\"><div class=\"dlp-grid-card\"><div class=\"dlp-grid-card-inner\">\n<div class=\"dlp-grid-card-featured-img\">\n\n\t<div class=\"dlp-grid-card-featured-icon\"><div class=\"dlp-icon pdf dlp-file-icon\"><svg xmlns=\"http:\/\/www.w3.org\/2000\/svg\" viewbox=\"0 0 56 56\"><path d=\"M36.985 0H7.963C7.155 0 6.5.655 6.5 1.926V55c0 .345.655 1 1.463 1h40.074c.808 0 1.463-.655 1.463-1V12.978c0-.696-.093-.92-.257-1.085L37.607.257A.884.884 0 0036.985 0z\" fill=\"#e9e9e0\"\/><path fill=\"#d9d7ca\" d=\"M37.5.151V12h11.849z\"\/><path d=\"M19.514 33.324c-.348 0-.682-.113-.967-.326-1.041-.781-1.181-1.65-1.115-2.242.182-1.628 2.195-3.332 5.985-5.068 1.504-3.296 2.935-7.357 3.788-10.75-.998-2.172-1.968-4.99-1.261-6.643.248-.579.557-1.023 1.134-1.215a4.91 4.91 0 011.016-.172c.504 0 .947.649 1.261 1.049.295.376.964 1.173-.373 6.802 1.348 2.784 3.258 5.62 5.088 7.562 1.311-.237 2.439-.358 3.358-.358 1.566 0 2.515.365 2.902 1.117.32.622.189 1.349-.39 2.16-.557.779-1.325 1.191-2.22 1.191-1.216 0-2.632-.768-4.211-2.285-2.837.593-6.15 1.651-8.828 2.822-.836 1.774-1.637 3.203-2.383 4.251-1.025 1.435-1.909 2.105-2.784 2.105zm2.662-5.126c-2.137 1.201-3.008 2.188-3.071 2.744-.01.092-.037.334.431.692.149-.047 1.019-.444 2.64-3.436zm13.637-4.442c.815.627 1.014.944 1.547.944.234 0 .901-.01 1.21-.441.149-.209.207-.343.23-.415-.123-.065-.286-.197-1.175-.197-.505.001-1.14.023-1.812.109zm-7.47-6.582a71.291 71.291 0 01-2.674 7.564 49.966 49.966 0 016.496-2.02c-1.35-1.568-2.699-3.526-3.822-5.544zm-.607-8.462c-.098.033-1.33 1.757.096 3.216.949-2.115-.053-3.23-.096-3.216zM48.037 56H7.963A1.463 1.463 0 016.5 54.537V39h43v15.537c0 .808-.655 1.463-1.463 1.463z\" fill=\"#cc4b4c\"\/><g fill=\"#fff\"><path d=\"M17.385 53h-1.641V42.924h2.898c.428 0 .852.068 1.271.205.419.137.795.342 1.128.615.333.273.602.604.807.991s.308.822.308 1.306c0 .511-.087.973-.26 1.388a2.9 2.9 0 01-.725 1.046c-.31.282-.684.501-1.121.656s-.921.232-1.449.232h-1.217V53zm0-8.832v3.992h1.504c.2 0 .398-.034.595-.103.196-.068.376-.18.54-.335.164-.155.296-.371.396-.649.1-.278.15-.622.15-1.032 0-.164-.023-.354-.068-.567a1.637 1.637 0 00-.28-.615 1.657 1.657 0 00-.595-.492c-.255-.132-.593-.198-1.012-.198h-1.23zM32.219 47.682c0 .829-.089 1.538-.267 2.126s-.403 1.08-.677 1.477-.581.709-.923.937-.672.398-.991.513a4.094 4.094 0 01-.875.219c-.264.03-.46.046-.588.046h-3.814V42.924h3.035c.848 0 1.593.135 2.235.403s1.176.627 1.6 1.073.74.955.95 1.524c.21.57.315 1.156.315 1.758zm-4.867 4.115c1.112 0 1.914-.355 2.406-1.066s.738-1.741.738-3.09c0-.419-.05-.834-.15-1.244-.101-.41-.294-.781-.581-1.114s-.677-.602-1.169-.807-1.13-.308-1.914-.308h-.957v7.629h1.627zM36.266 44.168v3.172h4.211v1.121h-4.211V53h-1.668V42.924H40.9v1.244h-4.634z\"\/><\/g><\/svg><\/div><\/div>\n<\/div>\n<div class=\"dlp-grid-card-content\">\n<div class=\"dlp-grid-card-title\">\n\n\t<a href=\"https:\/\/orpp.or.ke\/es\/document\/orpp-strategic-plan-2020-2025\/\">ORPP Strategic Plan 2020 &#8211; 2025<\/a>\n<\/div>\n\n<div class=\"dlp-grid-card-document-link-wrap\">\n\n\t<a href=\"https:\/\/orpp.or.ke\/es\/document\/orpp-strategic-plan-2020-2025\/\" class=\"dlp-download-link dlp-download-button document-library-pro-button button btn\" data-download-id=\"3668\" >Descargar<\/a><a href=\"javascript:void(0)\" class=\"dlp-preview-button\" data-download-url=\"https:\/\/orpp.or.ke\/wp-content\/uploads\/2023\/09\/ORPP_Strategic_Plan_2020_2025_Sept2021.pdf\" data-download-type=\"application\/pdf\" data-title=\"ORPP Strategic Plan 2020 &#8211; 2025\" data-view=\"grid\">Avance<\/a>\n<\/div>\n<\/div><\/div><\/div><\/div><footer class=\"dlp-grid-footer\"><div class=\"dlp-grid-filters\"><\/div><div class=\"dlp-grid-totals\">1 documents<\/div><div class=\"dlp-grid-pagination\"><\/div><\/footer><\/div>\t\t<div id=\"modal_dlp_grid_2cac2e77b1a1f964_1\" class=\"dlp-preview-modal\" aria-hidden=\"true\">\n\t\t\t<div class=\"dlp-preview-modal-overlay\" tabindex=\"-1\" data-dlp-preview-close=\"#modal_dlp_grid_2cac2e77b1a1f964_1\">\n\t\t\t\t<a class=\"dlp-preview-modal-close\" data-dlp-preview-close=\"#modal_dlp_grid_2cac2e77b1a1f964_1\">\n\t\t\t\t\t<div class=\"dlp-icon close\"><svg xmlns=\"http:\/\/www.w3.org\/2000\/svg\" viewbox=\"0 0 24 24\"><path fill=\"currentColor\" d=\"M19 6.41L17.59 5 12 10.59 6.41 5 5 6.41 10.59 12 5 17.59 6.41 19 12 13.41 17.59 19 19 17.59 13.41 12z\" \/><path d=\"M0 0h24v24H0z\" fill=\"none\" \/><\/svg><\/div>\t\t\t\t<\/a>\n\n\t\t\t\t<div class=\"dlp-preview-modal-container\" role=\"dialog\" aria-modal=\"true\" aria-labelledby=\"dlp-preview-modal-title\">\n\t\t\t\t\t<main class=\"dlp-preview-modal-content\"><\/main>\n\t\t\t\t\t<footer class=\"dlp-preview-modal-footer\"><\/footer>\n\t\t\t\t<\/div>\n\t\t\t<\/div>\n\t\t<\/div>\n\t\t\t\t\t\t\t\t\t\t<\/div>\n\t\t\t\t<\/div>\n\t\t\t\t\t<\/div>\n\t\t<\/div>\n\t\t\t\t\t<\/div>\n\t\t<\/section>\n\t\t\t\t<\/div>","protected":false},"excerpt":{"rendered":"<p>El plan estrat\u00e9gico es un documento de cinco a\u00f1os preparado de acuerdo con la pol\u00edtica del Gobierno para asegurar la implementaci\u00f3n efectiva y eficiente del mandato de la Oficina del Registro de Partidos Pol\u00edticos. Est\u00e1 preparado de acuerdo con la Constituci\u00f3n de Kenia, la Ley de Partidos Pol\u00edticos de 2011 y el segundo plan a mediano plazo de la Visi\u00f3n 2030 de Kenia.<\/p>","protected":false},"author":2,"featured_media":0,"parent":0,"menu_order":0,"comment_status":"closed","ping_status":"closed","template":"","meta":{"_acf_changed":false,"content-type":"","_relevanssi_hide_post":"","_relevanssi_hide_content":"","_relevanssi_pin_for_all":"","_relevanssi_pin_keywords":"","_relevanssi_unpin_keywords":"","_relevanssi_related_keywords":"","_relevanssi_related_include_ids":"","_relevanssi_related_exclude_ids":"","_relevanssi_related_no_append":"","_relevanssi_related_not_related":"","_relevanssi_related_posts":"","_relevanssi_noindex_reason":"","inline_featured_image":false,"_uf_show_specific_survey":0,"_uf_disable_surveys":false,"site-sidebar-layout":"no-sidebar","site-content-layout":"page-builder","ast-site-content-layout":"","site-content-style":"default","site-sidebar-style":"default","ast-global-header-display":"","ast-banner-title-visibility":"","ast-main-header-display":"","ast-hfb-above-header-display":"","ast-hfb-below-header-display":"","ast-hfb-mobile-header-display":"","site-post-title":"disabled","ast-breadcrumbs-content":"","ast-featured-img":"disabled","footer-sml-layout":"","theme-transparent-header-meta":"","adv-header-id-meta":"","stick-header-meta":"","header-above-stick-meta":"","header-main-stick-meta":"","header-below-stick-meta":"","astra-migrate-meta-layouts":"default","ast-page-background-enabled":"default","ast-page-background-meta":{"desktop":{"background-color":"var(--ast-global-color-4)","background-image":"","background-repeat":"repeat","background-position":"center center","background-size":"auto","background-attachment":"scroll","background-type":"","background-media":"","overlay-type":"","overlay-color":"","overlay-opacity":"","overlay-gradient":""},"tablet":{"background-color":"","background-image":"","background-repeat":"repeat","background-position":"center center","background-size":"auto","background-attachment":"scroll","background-type":"","background-media":"","overlay-type":"","overlay-color":"","overlay-opacity":"","overlay-gradient":""},"mobile":{"background-color":"","background-image":"","background-repeat":"repeat","background-position":"center center","background-size":"auto","background-attachment":"scroll","background-type":"","background-media":"","overlay-type":"","overlay-color":"","overlay-opacity":"","overlay-gradient":""}},"ast-content-background-meta":{"desktop":{"background-color":"var(--ast-global-color-5)","background-image":"","background-repeat":"repeat","background-position":"center center","background-size":"auto","background-attachment":"scroll","background-type":"","background-media":"","overlay-type":"","overlay-color":"","overlay-opacity":"","overlay-gradient":""},"tablet":{"background-color":"var(--ast-global-color-5)","background-image":"","background-repeat":"repeat","background-position":"center center","background-size":"auto","background-attachment":"scroll","background-type":"","background-media":"","overlay-type":"","overlay-color":"","overlay-opacity":"","overlay-gradient":""},"mobile":{"background-color":"var(--ast-global-color-5)","background-image":"","background-repeat":"repeat","background-position":"center center","background-size":"auto","background-attachment":"scroll","background-type":"","background-media":"","overlay-type":"","overlay-color":"","overlay-opacity":"","overlay-gradient":""}},"footnotes":""},"class_list":["post-1311","page","type-page","status-publish","hentry"],"acf":[],"yoast_head":"<!-- This site is optimized with the Yoast SEO plugin v25.0 - https:\/\/yoast.com\/wordpress\/plugins\/seo\/ -->\n<title>Strategic Plan - ORPP<\/title>\n<meta name=\"robots\" content=\"index, follow, max-snippet:-1, max-image-preview:large, max-video-preview:-1\" \/>\n<link rel=\"canonical\" href=\"https:\/\/orpp.or.ke\/es\/strategic-plan\/\" \/>\n<meta property=\"og:locale\" content=\"es_ES\" \/>\n<meta property=\"og:type\" content=\"article\" \/>\n<meta property=\"og:title\" content=\"Strategic Plan - ORPP\" \/>\n<meta property=\"og:description\" content=\"Strategic Plan The strategic plan is a five-year document prepared in line with the Government policy to ensure effective and efficient implementation of the mandate of the Office of the Registrar of Political Parties. It is prepared in line with the Constitution of Kenya, the Political Parties Act, 2011 and the Second Medium Term plan [&hellip;]\" \/>\n<meta property=\"og:url\" content=\"https:\/\/orpp.or.ke\/es\/strategic-plan\/\" \/>\n<meta property=\"og:site_name\" content=\"ORPP\" \/>\n<meta property=\"article:publisher\" content=\"https:\/\/facebook.com\/orppke\" \/>\n<meta property=\"article:modified_time\" content=\"2023-09-28T09:53:46+00:00\" \/>\n<meta name=\"twitter:card\" content=\"summary_large_image\" \/>\n<meta name=\"twitter:site\" content=\"@orppke\" \/>\n<meta name=\"twitter:label1\" content=\"Tiempo de lectura\" \/>\n\t<meta name=\"twitter:data1\" content=\"1 minuto\" \/>\n<script type=\"application\/ld+json\" class=\"yoast-schema-graph\">{\"@context\":\"https:\/\/schema.org\",\"@graph\":[{\"@type\":\"WebPage\",\"@id\":\"https:\/\/orpp.or.ke\/strategic-plan\/\",\"url\":\"https:\/\/orpp.or.ke\/strategic-plan\/\",\"name\":\"Strategic Plan - ORPP\",\"isPartOf\":{\"@id\":\"https:\/\/orpp.or.ke\/#website\"},\"datePublished\":\"2023-06-15T20:51:25+00:00\",\"dateModified\":\"2023-09-28T09:53:46+00:00\",\"breadcrumb\":{\"@id\":\"https:\/\/orpp.or.ke\/strategic-plan\/#breadcrumb\"},\"inLanguage\":\"es\",\"potentialAction\":[{\"@type\":\"ReadAction\",\"target\":[\"https:\/\/orpp.or.ke\/strategic-plan\/\"]}]},{\"@type\":\"BreadcrumbList\",\"@id\":\"https:\/\/orpp.or.ke\/strategic-plan\/#breadcrumb\",\"itemListElement\":[{\"@type\":\"ListItem\",\"position\":1,\"name\":\"Home\",\"item\":\"https:\/\/orpp.or.ke\/\"},{\"@type\":\"ListItem\",\"position\":2,\"name\":\"Strategic Plan\"}]},{\"@type\":\"WebSite\",\"@id\":\"https:\/\/orpp.or.ke\/#website\",\"url\":\"https:\/\/orpp.or.ke\/\",\"name\":\"Office of the Registrar of Political Parties - ORPP\",\"description\":\"Strengthening Political Parties\",\"publisher\":{\"@id\":\"https:\/\/orpp.or.ke\/#organization\"},\"alternateName\":\"ORPP\",\"potentialAction\":[{\"@type\":\"SearchAction\",\"target\":{\"@type\":\"EntryPoint\",\"urlTemplate\":\"https:\/\/orpp.or.ke\/?s={search_term_string}\"},\"query-input\":{\"@type\":\"PropertyValueSpecification\",\"valueRequired\":true,\"valueName\":\"search_term_string\"}}],\"inLanguage\":\"es\"},{\"@type\":\"Organization\",\"@id\":\"https:\/\/orpp.or.ke\/#organization\",\"name\":\"ORPP\",\"url\":\"https:\/\/orpp.or.ke\/\",\"logo\":{\"@type\":\"ImageObject\",\"inLanguage\":\"es\",\"@id\":\"https:\/\/orpp.or.ke\/#\/schema\/logo\/image\/\",\"url\":\"https:\/\/orpp.or.ke\/wp-content\/uploads\/2025\/01\/logo_orpp-png.avif\",\"contentUrl\":\"https:\/\/orpp.or.ke\/wp-content\/uploads\/2025\/01\/logo_orpp-png.avif\",\"width\":300,\"height\":123,\"caption\":\"ORPP\"},\"image\":{\"@id\":\"https:\/\/orpp.or.ke\/#\/schema\/logo\/image\/\"},\"sameAs\":[\"https:\/\/facebook.com\/orppke\",\"https:\/\/x.com\/orppke\"]}]}<\/script>\n<!-- \/ Yoast SEO plugin. -->","yoast_head_json":{"title":"Strategic Plan - ORPP","robots":{"index":"index","follow":"follow","max-snippet":"max-snippet:-1","max-image-preview":"max-image-preview:large","max-video-preview":"max-video-preview:-1"},"canonical":"https:\/\/orpp.or.ke\/es\/strategic-plan\/","og_locale":"es_ES","og_type":"article","og_title":"Strategic Plan - ORPP","og_description":"Strategic Plan The strategic plan is a five-year document prepared in line with the Government policy to ensure effective and efficient implementation of the mandate of the Office of the Registrar of Political Parties. It is prepared in line with the Constitution of Kenya, the Political Parties Act, 2011 and the Second Medium Term plan [&hellip;]","og_url":"https:\/\/orpp.or.ke\/es\/strategic-plan\/","og_site_name":"ORPP","article_publisher":"https:\/\/facebook.com\/orppke","article_modified_time":"2023-09-28T09:53:46+00:00","twitter_card":"summary_large_image","twitter_site":"@orppke","twitter_misc":{"Tiempo de lectura":"1 minuto"},"schema":{"@context":"https:\/\/schema.org","@graph":[{"@type":"WebPage","@id":"https:\/\/orpp.or.ke\/strategic-plan\/","url":"https:\/\/orpp.or.ke\/strategic-plan\/","name":"Strategic Plan - ORPP","isPartOf":{"@id":"https:\/\/orpp.or.ke\/#website"},"datePublished":"2023-06-15T20:51:25+00:00","dateModified":"2023-09-28T09:53:46+00:00","breadcrumb":{"@id":"https:\/\/orpp.or.ke\/strategic-plan\/#breadcrumb"},"inLanguage":"es","potentialAction":[{"@type":"ReadAction","target":["https:\/\/orpp.or.ke\/strategic-plan\/"]}]},{"@type":"BreadcrumbList","@id":"https:\/\/orpp.or.ke\/strategic-plan\/#breadcrumb","itemListElement":[{"@type":"ListItem","position":1,"name":"Home","item":"https:\/\/orpp.or.ke\/"},{"@type":"ListItem","position":2,"name":"Strategic Plan"}]},{"@type":"WebSite","@id":"https:\/\/orpp.or.ke\/#website","url":"https:\/\/orpp.or.ke\/","name":"Office of the Registrar of Political Parties - ORPP","description":"Strengthening Political Parties","publisher":{"@id":"https:\/\/orpp.or.ke\/#organization"},"alternateName":"ORPP","potentialAction":[{"@type":"SearchAction","target":{"@type":"EntryPoint","urlTemplate":"https:\/\/orpp.or.ke\/?s={search_term_string}"},"query-input":{"@type":"PropertyValueSpecification","valueRequired":true,"valueName":"search_term_string"}}],"inLanguage":"es"},{"@type":"Organization","@id":"https:\/\/orpp.or.ke\/#organization","name":"ORPP","url":"https:\/\/orpp.or.ke\/","logo":{"@type":"ImageObject","inLanguage":"es","@id":"https:\/\/orpp.or.ke\/#\/schema\/logo\/image\/","url":"https:\/\/orpp.or.ke\/wp-content\/uploads\/2025\/01\/logo_orpp-png.avif","contentUrl":"https:\/\/orpp.or.ke\/wp-content\/uploads\/2025\/01\/logo_orpp-png.avif","width":300,"height":123,"caption":"ORPP"},"image":{"@id":"https:\/\/orpp.or.ke\/#\/schema\/logo\/image\/"},"sameAs":["https:\/\/facebook.com\/orppke","https:\/\/x.com\/orppke"]}]}},"_links":{"self":[{"href":"https:\/\/orpp.or.ke\/es\/wp-json\/wp\/v2\/pages\/1311","targetHints":{"allow":["GET"]}}],"collection":[{"href":"https:\/\/orpp.or.ke\/es\/wp-json\/wp\/v2\/pages"}],"about":[{"href":"https:\/\/orpp.or.ke\/es\/wp-json\/wp\/v2\/types\/page"}],"author":[{"embeddable":true,"href":"https:\/\/orpp.or.ke\/es\/wp-json\/wp\/v2\/users\/2"}],"replies":[{"embeddable":true,"href":"https:\/\/orpp.or.ke\/es\/wp-json\/wp\/v2\/comments?post=1311"}],"version-history":[{"count":49,"href":"https:\/\/orpp.or.ke\/es\/wp-json\/wp\/v2\/pages\/1311\/revisions"}],"predecessor-version":[{"id":3727,"href":"https:\/\/orpp.or.ke\/es\/wp-json\/wp\/v2\/pages\/1311\/revisions\/3727"}],"wp:attachment":[{"href":"https:\/\/orpp.or.ke\/es\/wp-json\/wp\/v2\/media?parent=1311"}],"curies":[{"name":"wp","href":"https:\/\/api.w.org\/{rel}","templated":true}]}}